{"id":2746,"date":"2014-05-08T12:51:56","date_gmt":"2014-05-08T10:51:56","guid":{"rendered":"http:\/\/www.slsa.ch\/?page_id=2746"},"modified":"2025-03-27T11:06:17","modified_gmt":"2025-03-27T10:06:17","slug":"proposition-de-projet","status":"publish","type":"page","link":"https:\/\/slsa.ch\/fr\/projets\/proposition-de-projet\/","title":{"rendered":"Proposition de projet"},"content":{"rendered":"[vc_row type=\u00a0\u00bbfull_width_background\u00a0\u00bb full_screen_row_position=\u00a0\u00bbmiddle\u00a0\u00bb column_margin=\u00a0\u00bbdefault\u00a0\u00bb column_direction=\u00a0\u00bbdefault\u00a0\u00bb column_direction_tablet=\u00a0\u00bbdefault\u00a0\u00bb column_direction_phone=\u00a0\u00bbdefault\u00a0\u00bb bg_color=\u00a0\u00bb#ffffff\u00a0\u00bb scene_position=\u00a0\u00bbcenter\u00a0\u00bb top_padding=\u00a0\u00bb110&Prime; bottom_padding=\u00a0\u00bb45&Prime; text_color=\u00a0\u00bbdark\u00a0\u00bb text_align=\u00a0\u00bbleft\u00a0\u00bb row_border_radius=\u00a0\u00bbnone\u00a0\u00bb row_border_radius_applies=\u00a0\u00bbbg\u00a0\u00bb overflow=\u00a0\u00bbvisible\u00a0\u00bb overlay_strength=\u00a0\u00bb0.3&Prime; gradient_direction=\u00a0\u00bbleft_to_right\u00a0\u00bb shape_divider_position=\u00a0\u00bbbottom\u00a0\u00bb bg_image_animation=\u00a0\u00bbnone\u00a0\u00bb][vc_column column_padding=\u00a0\u00bbno-extra-padding\u00a0\u00bb column_padding_tablet=\u00a0\u00bbinherit\u00a0\u00bb column_padding_phone=\u00a0\u00bbinherit\u00a0\u00bb column_padding_position=\u00a0\u00bball\u00a0\u00bb column_element_direction_desktop=\u00a0\u00bbdefault\u00a0\u00bb column_element_spacing=\u00a0\u00bbdefault\u00a0\u00bb desktop_text_alignment=\u00a0\u00bbdefault\u00a0\u00bb tablet_text_alignment=\u00a0\u00bbdefault\u00a0\u00bb phone_text_alignment=\u00a0\u00bbdefault\u00a0\u00bb background_color_opacity=\u00a0\u00bb1&Prime; background_hover_color_opacity=\u00a0\u00bb1&Prime; column_backdrop_filter=\u00a0\u00bbnone\u00a0\u00bb column_shadow=\u00a0\u00bbnone\u00a0\u00bb column_border_radius=\u00a0\u00bbnone\u00a0\u00bb column_link_target=\u00a0\u00bb_self\u00a0\u00bb column_position=\u00a0\u00bbdefault\u00a0\u00bb gradient_direction=\u00a0\u00bbleft_to_right\u00a0\u00bb overlay_strength=\u00a0\u00bb0.3&Prime; width=\u00a0\u00bb1\/1&Prime; tablet_width_inherit=\u00a0\u00bbdefault\u00a0\u00bb animation_type=\u00a0\u00bbdefault\u00a0\u00bb enable_animation=\u00a0\u00bbtrue\u00a0\u00bb animation=\u00a0\u00bbfade-in\u00a0\u00bb animation_easing=\u00a0\u00bbdefault\u00a0\u00bb bg_image_animation=\u00a0\u00bbnone\u00a0\u00bb border_type=\u00a0\u00bbsimple\u00a0\u00bb column_border_width=\u00a0\u00bbnone\u00a0\u00bb column_border_style=\u00a0\u00bbsolid\u00a0\u00bb][vc_text_separator title=\u00a0\u00bbPROPOSITION DE PROJET\u00a0\u00bb][\/vc_column][\/vc_row][full_width_section background_color=\u00a0\u00bb#ffffff\u00a0\u00bb text_color=\u00a0\u00bbcustom\u00a0\u00bb custom_text_color=\u00a0\u00bb#515151&Prime; top_padding=\u00a0\u00bb65&Prime; bottom_padding=\u00a0\u00bb85&Prime;][vc_column column_padding=\u00a0\u00bbno-extra-padding\u00a0\u00bb column_padding_tablet=\u00a0\u00bbinherit\u00a0\u00bb column_padding_phone=\u00a0\u00bbinherit\u00a0\u00bb column_padding_position=\u00a0\u00bball\u00a0\u00bb column_element_direction_desktop=\u00a0\u00bbdefault\u00a0\u00bb column_element_spacing=\u00a0\u00bbdefault\u00a0\u00bb desktop_text_alignment=\u00a0\u00bbdefault\u00a0\u00bb tablet_text_alignment=\u00a0\u00bbdefault\u00a0\u00bb phone_text_alignment=\u00a0\u00bbdefault\u00a0\u00bb background_color_opacity=\u00a0\u00bb1&Prime; background_hover_color_opacity=\u00a0\u00bb1&Prime; column_backdrop_filter=\u00a0\u00bbnone\u00a0\u00bb column_shadow=\u00a0\u00bbnone\u00a0\u00bb column_border_radius=\u00a0\u00bbnone\u00a0\u00bb column_link_target=\u00a0\u00bb_self\u00a0\u00bb column_position=\u00a0\u00bbdefault\u00a0\u00bb gradient_direction=\u00a0\u00bbleft_to_right\u00a0\u00bb overlay_strength=\u00a0\u00bb0.3&Prime; width=\u00a0\u00bb1\/4&Prime; tablet_width_inherit=\u00a0\u00bbdefault\u00a0\u00bb animation_type=\u00a0\u00bbdefault\u00a0\u00bb enable_animation=\u00a0\u00bbtrue\u00a0\u00bb animation=\u00a0\u00bbfade-in\u00a0\u00bb animation_easing=\u00a0\u00bbdefault\u00a0\u00bb bg_image_animation=\u00a0\u00bbnone\u00a0\u00bb border_type=\u00a0\u00bbsimple\u00a0\u00bb column_border_width=\u00a0\u00bbnone\u00a0\u00bb column_border_style=\u00a0\u00bbsolid\u00a0\u00bb][image_with_animation image_url=\u00a0\u00bb3873&Prime; image_size=\u00a0\u00bbfull\u00a0\u00bb animation_type=\u00a0\u00bbentrance\u00a0\u00bb animation=\u00a0\u00bbFade In\u00a0\u00bb animation_easing=\u00a0\u00bbdefault\u00a0\u00bb animation_movement_type=\u00a0\u00bbtransform_y\u00a0\u00bb hover_animation=\u00a0\u00bbnone\u00a0\u00bb alignment=\u00a0\u00bbcenter\u00a0\u00bb border_radius=\u00a0\u00bbnone\u00a0\u00bb box_shadow=\u00a0\u00bbnone\u00a0\u00bb image_loading=\u00a0\u00bbdefault\u00a0\u00bb max_width=\u00a0\u00bb100%\u00a0\u00bb max_width_mobile=\u00a0\u00bbdefault\u00a0\u00bb][\/vc_column][vc_column column_padding=\u00a0\u00bbno-extra-padding\u00a0\u00bb column_padding_tablet=\u00a0\u00bbinherit\u00a0\u00bb column_padding_phone=\u00a0\u00bbinherit\u00a0\u00bb column_padding_position=\u00a0\u00bball\u00a0\u00bb column_element_direction_desktop=\u00a0\u00bbdefault\u00a0\u00bb column_element_spacing=\u00a0\u00bbdefault\u00a0\u00bb desktop_text_alignment=\u00a0\u00bbdefault\u00a0\u00bb tablet_text_alignment=\u00a0\u00bbdefault\u00a0\u00bb phone_text_alignment=\u00a0\u00bbdefault\u00a0\u00bb background_color_opacity=\u00a0\u00bb1&Prime; background_hover_color_opacity=\u00a0\u00bb1&Prime; column_backdrop_filter=\u00a0\u00bbnone\u00a0\u00bb column_shadow=\u00a0\u00bbnone\u00a0\u00bb column_border_radius=\u00a0\u00bbnone\u00a0\u00bb column_link_target=\u00a0\u00bb_self\u00a0\u00bb column_position=\u00a0\u00bbdefault\u00a0\u00bb gradient_direction=\u00a0\u00bbleft_to_right\u00a0\u00bb overlay_strength=\u00a0\u00bb0.3&Prime; width=\u00a0\u00bb3\/4&Prime; tablet_width_inherit=\u00a0\u00bbdefault\u00a0\u00bb animation_type=\u00a0\u00bbdefault\u00a0\u00bb enable_animation=\u00a0\u00bbtrue\u00a0\u00bb animation=\u00a0\u00bbfade-in\u00a0\u00bb animation_easing=\u00a0\u00bbdefault\u00a0\u00bb bg_image_animation=\u00a0\u00bbnone\u00a0\u00bb border_type=\u00a0\u00bbsimple\u00a0\u00bb column_border_width=\u00a0\u00bbnone\u00a0\u00bb column_border_style=\u00a0\u00bbsolid\u00a0\u00bb][vc_column_text css=\u00a0\u00bb\u00a0\u00bb text_direction=\u00a0\u00bbdefault\u00a0\u00bb]La SLSA soutient en principe des projets arch\u00e9ologiques (observations sur le terrain). Elle ne met aucune limite explicite \u00e0 leur orientation scientifique. Elle laisse ainsi ouverte la possibilit\u00e9 d\u2019une collaboration interdisciplinaire, comme ce fut par exemple le cas pour le premier projet au Mali qui \u00e9tait \u00e0 l\u2019origine un projet ethno-arch\u00e9ologique. Le principal crit\u00e8re pour l\u2019admission d\u2019un nouveau projet est que celui ou celle qui le propose s\u2019en occupe personnellement. Un projet prend forme et existe en effet gr\u00e2ce aux comp\u00e9tences professionnelles et humaines de ceux qui le dirigent.<\/p>\n<p>Un projet devrait en outre favoriser les relations institutionnelles entre la Suisse et le pays \u00e9tranger qui en b\u00e9n\u00e9ficie. Ces relations permettent une collaboration en partenariat avec la population locale et son gouvernement et offrent au pays concern\u00e9 l\u2019acc\u00e8s \u00e0 son patrimoine arch\u00e9ologique national.<\/p>\n<p>La SLSA soutient principalement des projets en-dehors de l\u2019Europe. Elle charge en g\u00e9n\u00e9ral des groupes de projets au sein d\u2019instituts universitaires ou d\u2019autres institutions similaires (mus\u00e9es, arch\u00e9ologues cantonaux) de l\u2019ex\u00e9cution de projets de recherche qui doivent au pr\u00e9alable \u00eatre trait\u00e9s et approuv\u00e9s par les organes de la SLSA (comit\u00e9 et commission scientifique). Plusieurs institutions peuvent \u00e9galement travailler en collaboration. Au moins l\u2019une d\u2019entre elles doit dans ce cas \u00eatre \u00e9tablie en Suisse ou dans la Principaut\u00e9 du Liechtenstein (p. ex. projet au P\u00e9rou : Universit\u00e9 de Bonn et EPF de Zurich). La SLSA ne finance pas de projets de recherche priv\u00e9s.<\/p>\n<p>Les travaux sont toujours ex\u00e9cut\u00e9s dans le cadre de contacts directs avec les instances locales. A chaque fois que cela s\u2019av\u00e8re possible, il faut \u00e9galement inclure et former dans le domaine scientifique et de la technique de fouille des collaborateurs du pays pour les pr\u00e9parer \u00e0 se charger t\u00f4t ou tard eux-m\u00eames des recherches. Les projets de la SLSA procurent en outre du travail et un salaire \u00e0 la population locale. De jeunes arch\u00e9ologues ont en m\u00eame temps ainsi la possibilit\u00e9 de se familiariser avec la situation des pays \u00e9trangers concern\u00e9s resp. d\u2019apprendre \u00e0 conna\u00eetre les probl\u00e8mes que pose la recherche dans ces pays et auxquels ses repr\u00e9sentants doivent faire face.<\/p>\n<p>Il convient d\u2019insister sur le principe de la SLSA en vertu duquel tous les objets restent dans le pays o\u00f9 ils ont \u00e9t\u00e9 d\u00e9couverts resp. sont emport\u00e9s en Europe \u00e0 titre provisoire uniquement avec l\u2019accord des autorit\u00e9s locales et des coll\u00e8gues sp\u00e9cialis\u00e9s pour y \u00eatre restaur\u00e9s, y faire l\u2019objet d\u2019\u00e9tudes scientifiques ou pour une exposition temporaire.<\/p>\n<h2>Vos propositions de projet<\/h2>\n<p>Si vous d\u00e9sirez pr\u00e9senter un projet \u00e0 la SLSA, adressez une demande au secr\u00e9tariat g\u00e9n\u00e9ral en utilisant le formulaire de proposition que vous trouverez au d\u00e9but de la pr\u00e9sente rubrique et joignez-y une description de votre projet.<\/p>\n<p>Le secr\u00e9tariat prendra ensuite contact avec vous et vous informera sur la suite de la proc\u00e9dure.<\/p>\n<p>T\u00e9l\u00e9charchement du formulaire:\u00a0<a href=\"https:\/\/slsa.ch\/wp-content\/uploads\/2025\/03\/Projektantrag-fr.docx\">Proposition de projet<\/a>[\/vc_column_text][\/vc_column][\/full_width_section]\n","protected":false},"excerpt":{"rendered":"<p>[vc_row type=\u00a0\u00bbfull_width_background\u00a0\u00bb full_screen_row_position=\u00a0\u00bbmiddle\u00a0\u00bb column_margin=\u00a0\u00bbdefault\u00a0\u00bb column_direction=\u00a0\u00bbdefault\u00a0\u00bb column_direction_tablet=\u00a0\u00bbdefault\u00a0\u00bb column_direction_phone=\u00a0\u00bbdefault\u00a0\u00bb bg_color=\u00a0\u00bb#ffffff\u00a0\u00bb scene_position=\u00a0\u00bbcenter\u00a0\u00bb top_padding=\u00a0\u00bb110&Prime; bottom_padding=\u00a0\u00bb45&Prime; text_color=\u00a0\u00bbdark\u00a0\u00bb text_align=\u00a0\u00bbleft\u00a0\u00bb row_border_radius=\u00a0\u00bbnone\u00a0\u00bb row_border_radius_applies=\u00a0\u00bbbg\u00a0\u00bb overflow=\u00a0\u00bbvisible\u00a0\u00bb overlay_strength=\u00a0\u00bb0.3&Prime; gradient_direction=\u00a0\u00bbleft_to_right\u00a0\u00bb shape_divider_position=\u00a0\u00bbbottom\u00a0\u00bb bg_image_animation=\u00a0\u00bbnone\u00a0\u00bb][vc_column column_padding=\u00a0\u00bbno-extra-padding\u00a0\u00bb column_padding_tablet=\u00a0\u00bbinherit\u00a0\u00bb column_padding_phone=\u00a0\u00bbinherit\u00a0\u00bb column_padding_position=\u00a0\u00bball\u00a0\u00bb column_element_direction_desktop=\u00a0\u00bbdefault\u00a0\u00bb column_element_spacing=\u00a0\u00bbdefault\u00a0\u00bb desktop_text_alignment=\u00a0\u00bbdefault\u00a0\u00bb tablet_text_alignment=\u00a0\u00bbdefault\u00a0\u00bb phone_text_alignment=\u00a0\u00bbdefault\u00a0\u00bb background_color_opacity=\u00a0\u00bb1&Prime;&#8230;<\/p>\n","protected":false},"author":2,"featured_media":0,"parent":2235,"menu_order":3,"comment_status":"open","ping_status":"open","template":"","meta":{"footnotes":""},"class_list":["post-2746","page","type-page","status-publish"],"_links":{"self":[{"href":"https:\/\/slsa.ch\/fr\/wp-json\/wp\/v2\/pages\/2746","targetHints":{"allow":["GET"]}}],"collection":[{"href":"https:\/\/slsa.ch\/fr\/wp-json\/wp\/v2\/pages"}],"about":[{"href":"https:\/\/slsa.ch\/fr\/wp-json\/wp\/v2\/types\/page"}],"author":[{"embeddable":true,"href":"https:\/\/slsa.ch\/fr\/wp-json\/wp\/v2\/users\/2"}],"replies":[{"embeddable":true,"href":"https:\/\/slsa.ch\/fr\/wp-json\/wp\/v2\/comments?post=2746"}],"version-history":[{"count":3,"href":"https:\/\/slsa.ch\/fr\/wp-json\/wp\/v2\/pages\/2746\/revisions"}],"predecessor-version":[{"id":7827,"href":"https:\/\/slsa.ch\/fr\/wp-json\/wp\/v2\/pages\/2746\/revisions\/7827"}],"up":[{"embeddable":true,"href":"https:\/\/slsa.ch\/fr\/wp-json\/wp\/v2\/pages\/2235"}],"wp:attachment":[{"href":"https:\/\/slsa.ch\/fr\/wp-json\/wp\/v2\/media?parent=2746"}],"curies":[{"name":"wp","href":"https:\/\/api.w.org\/{rel}","templated":true}]}}