{"id":2261,"date":"2014-03-04T16:39:08","date_gmt":"2014-03-04T15:39:08","guid":{"rendered":"http:\/\/www.slsa.ch\/?page_id=2261"},"modified":"2025-12-23T16:53:20","modified_gmt":"2025-12-23T15:53:20","slug":"publications","status":"publish","type":"page","link":"https:\/\/slsa.ch\/fr\/publications\/","title":{"rendered":"Publications"},"content":{"rendered":"[vc_row type=\u00a0\u00bbfull_width_background\u00a0\u00bb full_screen_row_position=\u00a0\u00bbmiddle\u00a0\u00bb column_margin=\u00a0\u00bbdefault\u00a0\u00bb column_direction=\u00a0\u00bbdefault\u00a0\u00bb column_direction_tablet=\u00a0\u00bbdefault\u00a0\u00bb column_direction_phone=\u00a0\u00bbdefault\u00a0\u00bb bg_color=\u00a0\u00bb#ffffff\u00a0\u00bb scene_position=\u00a0\u00bbcenter\u00a0\u00bb top_padding=\u00a0\u00bb85&Prime; text_color=\u00a0\u00bbdark\u00a0\u00bb text_align=\u00a0\u00bbleft\u00a0\u00bb row_border_radius=\u00a0\u00bbnone\u00a0\u00bb row_border_radius_applies=\u00a0\u00bbbg\u00a0\u00bb overflow=\u00a0\u00bbvisible\u00a0\u00bb overlay_strength=\u00a0\u00bb0.3&Prime; gradient_direction=\u00a0\u00bbleft_to_right\u00a0\u00bb shape_divider_position=\u00a0\u00bbbottom\u00a0\u00bb bg_image_animation=\u00a0\u00bbnone\u00a0\u00bb][vc_column column_padding=\u00a0\u00bbno-extra-padding\u00a0\u00bb column_padding_tablet=\u00a0\u00bbinherit\u00a0\u00bb column_padding_phone=\u00a0\u00bbinherit\u00a0\u00bb column_padding_position=\u00a0\u00bball\u00a0\u00bb column_element_direction_desktop=\u00a0\u00bbdefault\u00a0\u00bb column_element_spacing=\u00a0\u00bbdefault\u00a0\u00bb desktop_text_alignment=\u00a0\u00bbdefault\u00a0\u00bb tablet_text_alignment=\u00a0\u00bbdefault\u00a0\u00bb phone_text_alignment=\u00a0\u00bbdefault\u00a0\u00bb background_color_opacity=\u00a0\u00bb1&Prime; background_hover_color_opacity=\u00a0\u00bb1&Prime; column_backdrop_filter=\u00a0\u00bbnone\u00a0\u00bb column_shadow=\u00a0\u00bbnone\u00a0\u00bb column_border_radius=\u00a0\u00bbnone\u00a0\u00bb column_link_target=\u00a0\u00bb_self\u00a0\u00bb column_position=\u00a0\u00bbdefault\u00a0\u00bb gradient_direction=\u00a0\u00bbleft_to_right\u00a0\u00bb overlay_strength=\u00a0\u00bb0.3&Prime; width=\u00a0\u00bb1\/1&Prime; tablet_width_inherit=\u00a0\u00bbdefault\u00a0\u00bb animation_type=\u00a0\u00bbdefault\u00a0\u00bb enable_animation=\u00a0\u00bbtrue\u00a0\u00bb animation=\u00a0\u00bbfade-in\u00a0\u00bb animation_easing=\u00a0\u00bbdefault\u00a0\u00bb bg_image_animation=\u00a0\u00bbnone\u00a0\u00bb border_type=\u00a0\u00bbsimple\u00a0\u00bb column_border_width=\u00a0\u00bbnone\u00a0\u00bb column_border_style=\u00a0\u00bbsolid\u00a0\u00bb][vc_text_separator title=\u00a0\u00bbPUBLICATIONS\u00a0\u00bb][\/vc_column][\/vc_row][full_width_section background_color=\u00a0\u00bb#ffffff\u00a0\u00bb text_color=\u00a0\u00bbcustom\u00a0\u00bb custom_text_color=\u00a0\u00bb#515151&Prime; top_padding=\u00a0\u00bb65&Prime; bottom_padding=\u00a0\u00bb25&Prime;][vc_column column_padding=\u00a0\u00bbno-extra-padding\u00a0\u00bb column_padding_tablet=\u00a0\u00bbinherit\u00a0\u00bb column_padding_phone=\u00a0\u00bbinherit\u00a0\u00bb column_padding_position=\u00a0\u00bball\u00a0\u00bb column_element_direction_desktop=\u00a0\u00bbdefault\u00a0\u00bb column_element_spacing=\u00a0\u00bbdefault\u00a0\u00bb desktop_text_alignment=\u00a0\u00bbdefault\u00a0\u00bb tablet_text_alignment=\u00a0\u00bbdefault\u00a0\u00bb phone_text_alignment=\u00a0\u00bbdefault\u00a0\u00bb background_color_opacity=\u00a0\u00bb1&Prime; background_hover_color_opacity=\u00a0\u00bb1&Prime; column_backdrop_filter=\u00a0\u00bbnone\u00a0\u00bb column_shadow=\u00a0\u00bbnone\u00a0\u00bb column_border_radius=\u00a0\u00bbnone\u00a0\u00bb column_link_target=\u00a0\u00bb_self\u00a0\u00bb column_position=\u00a0\u00bbdefault\u00a0\u00bb gradient_direction=\u00a0\u00bbleft_to_right\u00a0\u00bb overlay_strength=\u00a0\u00bb0.3&Prime; width=\u00a0\u00bb1\/4&Prime; tablet_width_inherit=\u00a0\u00bbdefault\u00a0\u00bb animation_type=\u00a0\u00bbdefault\u00a0\u00bb bg_image_animation=\u00a0\u00bbnone\u00a0\u00bb border_type=\u00a0\u00bbsimple\u00a0\u00bb column_border_width=\u00a0\u00bbnone\u00a0\u00bb column_border_style=\u00a0\u00bbsolid\u00a0\u00bb][image_with_animation image_url=\u00a0\u00bb3873&Prime; image_size=\u00a0\u00bbfull\u00a0\u00bb animation_type=\u00a0\u00bbentrance\u00a0\u00bb animation=\u00a0\u00bbFade In\u00a0\u00bb animation_easing=\u00a0\u00bbdefault\u00a0\u00bb animation_movement_type=\u00a0\u00bbtransform_y\u00a0\u00bb hover_animation=\u00a0\u00bbnone\u00a0\u00bb alignment=\u00a0\u00bbcenter\u00a0\u00bb border_radius=\u00a0\u00bbnone\u00a0\u00bb box_shadow=\u00a0\u00bbnone\u00a0\u00bb image_loading=\u00a0\u00bbdefault\u00a0\u00bb max_width=\u00a0\u00bb100%\u00a0\u00bb max_width_mobile=\u00a0\u00bbdefault\u00a0\u00bb][\/vc_column][vc_column column_padding=\u00a0\u00bbno-extra-padding\u00a0\u00bb column_padding_tablet=\u00a0\u00bbinherit\u00a0\u00bb column_padding_phone=\u00a0\u00bbinherit\u00a0\u00bb column_padding_position=\u00a0\u00bball\u00a0\u00bb column_element_direction_desktop=\u00a0\u00bbdefault\u00a0\u00bb column_element_spacing=\u00a0\u00bbdefault\u00a0\u00bb desktop_text_alignment=\u00a0\u00bbdefault\u00a0\u00bb tablet_text_alignment=\u00a0\u00bbdefault\u00a0\u00bb phone_text_alignment=\u00a0\u00bbdefault\u00a0\u00bb background_color_opacity=\u00a0\u00bb1&Prime; background_hover_color_opacity=\u00a0\u00bb1&Prime; column_backdrop_filter=\u00a0\u00bbnone\u00a0\u00bb column_shadow=\u00a0\u00bbnone\u00a0\u00bb column_border_radius=\u00a0\u00bbnone\u00a0\u00bb column_link_target=\u00a0\u00bb_self\u00a0\u00bb column_position=\u00a0\u00bbdefault\u00a0\u00bb gradient_direction=\u00a0\u00bbleft_to_right\u00a0\u00bb overlay_strength=\u00a0\u00bb0.3&Prime; width=\u00a0\u00bb1\/2&Prime; tablet_width_inherit=\u00a0\u00bbdefault\u00a0\u00bb animation_type=\u00a0\u00bbdefault\u00a0\u00bb enable_animation=\u00a0\u00bbtrue\u00a0\u00bb animation=\u00a0\u00bbfade-in\u00a0\u00bb animation_easing=\u00a0\u00bbdefault\u00a0\u00bb bg_image_animation=\u00a0\u00bbnone\u00a0\u00bb border_type=\u00a0\u00bbsimple\u00a0\u00bb column_border_width=\u00a0\u00bbnone\u00a0\u00bb column_border_style=\u00a0\u00bbsolid\u00a0\u00bb][vc_column_text]Depuis sa cr\u00e9ation en 1986, la SLSA publie dans son rapport annuel, outre ses r\u00e9sultats d\u2019exploitation, l\u2019\u00e9tat de ses projets arch\u00e9ologiques. Pratiquement tous les rapports annuels sont encore disponibles et peuvent \u00eatre command\u00e9s au secr\u00e9tariat g\u00e9n\u00e9ral contre facturation des frais d\u2019envoi.<\/p>\n<p>Outre son rapport annuel, la SLSA a cr\u00e9\u00e9 avec la maison d\u2019\u00e9dition Philipp von Zabern, \u00e0 Mayence, et avec le Fonds national suisse une s\u00e9rie de monographies intitul\u00e9es \u00abTerra Archaeologica\u00bb. A ce jour, 4 volumes ont \u00e9t\u00e9 publi\u00e9s (A4, reli\u00e9s, jaquette) :<\/p>\n<table border=\"0\" width=\"100%\" cellspacing=\"0\" cellpadding=\"0\">\n<tbody>\n<tr>\n<td><\/td>\n<td nowrap=\"nowrap\">Band 1<\/td>\n<td><\/td>\n<td><b>1996<\/b><br \/>\nCORBOUD, P., CASTELLA, A.-C., HAPKA, R., IM OBERSTEG, P.<br \/>\n<b>Les tombes protohistoriques de Bithnah<br \/>\nFujairah, Emirats Arabes Unis<\/b><br \/>\nISBN 3-8053-1737-9<\/td>\n<\/tr>\n<tr>\n<td height=\"1\"><\/td>\n<\/tr>\n<tr>\n<td><\/td>\n<td nowrap=\"nowrap\">Band 2<\/td>\n<td><\/td>\n<td><b>1996<\/b><br \/>\nBIGNASCA A., DESSE-BERSET N., FELLMANN BROGLI R., GLUTZ R., KARG S., KELLER D., KOLB B.<br \/>\net al. Petra ez Zantur I.<br \/>\n<b>Ergebnisse der Schweizerisch-Liechtensteinischen Ausgrabungen 1988 \u2013 1992<\/b><br \/>\nISBN 3-8053-1749-2<\/td>\n<\/tr>\n<tr>\n<td height=\"1\"><\/td>\n<\/tr>\n<tr>\n<td><\/td>\n<td nowrap=\"nowrap\">Band 3<\/td>\n<td><\/td>\n<td><b>1998<\/b><br \/>\nGALLAY A., HUYSECOM E., MAYOR A.<br \/>\n<b>Peuples et c\u00e9ramiques du Delta int\u00e9rieur du Niger (Mali)<br \/>\nUn bilan de cinq ann\u00e9es de missions (1988 \u2013 1993)<\/b><br \/>\nISBN 3-8053-1748-4<\/td>\n<\/tr>\n<tr>\n<td height=\"1\"><\/td>\n<\/tr>\n<tr>\n<td><\/td>\n<td nowrap=\"nowrap\">Band 4<\/td>\n<td><\/td>\n<td><b>2000<\/b><br \/>\nSCHMID S. G., KOLB B.<br \/>\nPetra ez Zantur II<br \/>\n<b>Ergebnisse der Schweizerisch-Liechtensteinischen Ausgrabungen<\/b><br \/>\nTeil 1: Die Feinkeramik der Nabat\u00e4er. Typologie, Chronologie und kulturhistorische Hintergr\u00fcnde.<br \/>\nTeil 2: Die sp\u00e4tantiken Wohnbauten von ez Zantur in Petra und der Wohnhausbau in Pal\u00e4stina vom 4.-6. Jh. n. Chr.<br \/>\nISBN 3-8053-2712-9<\/td>\n<\/tr>\n<tr>\n<td height=\"1\"><\/td>\n<\/tr>\n<tr>\n<td><\/td>\n<td nowrap=\"nowrap\">Band 5<\/td>\n<td><\/td>\n<td><b>2006<\/b><br \/>\nKELLER D., GRAWEHR M.<br \/>\nPetra ex Zantur III<br \/>\n<strong>Ergebnisse der Schweizerisch-Liechtensteinischen Ausgrabungen<br \/>\n<\/strong>Teil 1: Die Gl\u00e4ser aus Petra<br \/>\nTeil 2: Die Lampen der Grabungen auf ez Zantur in Petra<br \/>\nISBN-10: 3-8053-3579-9<br \/>\nISBN-13: 978-3-8053-3579-9<\/td>\n<\/tr>\n<tr>\n<td height=\"1\"><\/td>\n<\/tr>\n<tr>\n<td><\/td>\n<td nowrap=\"nowrap\">Band 6<\/td>\n<td><\/td>\n<td><b>2008<\/b><br \/>\nGUILLAUME-GENTIL N.<br \/>\n<strong>Cinq mille ans d&rsquo;histoire au pied des volcans en Equateur<br \/>\n<\/strong>ISBN 978-2-88474-147-7<\/td>\n<\/tr>\n<tr>\n<td><\/td>\n<td nowrap=\"nowrap\">Band 7<\/td>\n<td><\/td>\n<td><b>2013<\/b><br \/>\nRAMSEYER, D.<br \/>\n<strong>L&rsquo;habitat Xiongnu de Boroo Gol<br \/>\n<\/strong>ISBN 978-2-88474-274-0<\/td>\n<\/tr>\n<tr>\n<td height=\"1\"><\/td>\n<\/tr>\n<\/tbody>\n<\/table>\n<p>Die B\u00e4nde 1 bis 4 sind nicht mehr erh\u00e4ltlich. Band 5 k\u00f6nnen Sie direkt beim Verlag unter\u00a0<a href=\"http:\/\/www.zabern.de\/\" target=\"_blank\" rel=\"noopener\">www.zabern.de<\/a>\u00a0und Band 6 unter\u00a0<a href=\"https:\/\/www.infolio.ch\/livre\/cinq-mille-ans-d%E2%80%99histoire-au-pied-des-volcans-en-equateur.htm?from_search=4dd242503b1134.43616652\" target=\"_blank\" rel=\"noopener\">www.infolio.ch<\/a>\u00a0bestellen.<\/p>\n<p>Weitere Publikationen im Anschluss an Symposien der SLSA:<\/p>\n<table border=\"0\" width=\"100%\" cellspacing=\"0\" cellpadding=\"0\">\n<tbody>\n<tr>\n<td><\/td>\n<td nowrap=\"nowrap\"><\/td>\n<td><\/td>\n<td><b>2000<\/b><br \/>\nBONNET Ch. (Hrsg.)<br \/>\n<strong>Sauvegarde et Conservation du Patrimoine Arch\u00e9ologique<\/strong><br \/>\nISBN 3-9521511-3-0<\/td>\n<\/tr>\n<tr>\n<td height=\"1\"><\/td>\n<\/tr>\n<tr>\n<td><\/td>\n<td nowrap=\"nowrap\"><\/td>\n<td><\/td>\n<td><b>1997<\/b><br \/>\nSITTER-LIVER B., UEHLINGER Ch.<br \/>\n<b>Partnership in Archaeology. Perspectives of a Cross-Cultural Dialogue<\/b><br \/>\nPaulusdruckerei Freiburg Schweiz.<br \/>\nISBN 2-8271-0773-2 (nur noch wenige Exemplare).<\/td>\n<\/tr>\n<tr>\n<td height=\"1\"><\/td>\n<\/tr>\n<tr>\n<td height=\"15\"><\/td>\n<\/tr>\n<\/tbody>\n<\/table>\n<p>Diese Brosch\u00fcren k\u00f6nnen ebenfalls, solange vorr\u00e4tig, beim Generalsekretariat zum Versandkostenpreis bestellt werden.[\/vc_column_text][\/vc_column][vc_column column_padding=\u00a0\u00bbno-extra-padding\u00a0\u00bb column_padding_tablet=\u00a0\u00bbinherit\u00a0\u00bb column_padding_phone=\u00a0\u00bbinherit\u00a0\u00bb column_padding_position=\u00a0\u00bball\u00a0\u00bb column_element_direction_desktop=\u00a0\u00bbdefault\u00a0\u00bb column_element_spacing=\u00a0\u00bbdefault\u00a0\u00bb desktop_text_alignment=\u00a0\u00bbdefault\u00a0\u00bb tablet_text_alignment=\u00a0\u00bbdefault\u00a0\u00bb phone_text_alignment=\u00a0\u00bbdefault\u00a0\u00bb background_color_opacity=\u00a0\u00bb1&Prime; background_hover_color_opacity=\u00a0\u00bb1&Prime; column_backdrop_filter=\u00a0\u00bbnone\u00a0\u00bb column_shadow=\u00a0\u00bbnone\u00a0\u00bb column_border_radius=\u00a0\u00bbnone\u00a0\u00bb column_link_target=\u00a0\u00bb_self\u00a0\u00bb column_position=\u00a0\u00bbdefault\u00a0\u00bb gradient_direction=\u00a0\u00bbleft_to_right\u00a0\u00bb overlay_strength=\u00a0\u00bb0.3&Prime; width=\u00a0\u00bb1\/4&Prime; tablet_width_inherit=\u00a0\u00bbdefault\u00a0\u00bb animation_type=\u00a0\u00bbdefault\u00a0\u00bb bg_image_animation=\u00a0\u00bbnone\u00a0\u00bb border_type=\u00a0\u00bbsimple\u00a0\u00bb column_border_width=\u00a0\u00bbnone\u00a0\u00bb column_border_style=\u00a0\u00bbsolid\u00a0\u00bb][vc_column_text css=\u00a0\u00bb\u00a0\u00bb text_direction=\u00a0\u00bbdefault\u00a0\u00bb]<strong>Rapports Annuels:<\/strong><\/p>\n<p><a href=\"https:\/\/slsa.ch\/wp-content\/uploads\/2025\/12\/SLSA-Annual-Report-2024-high-res.pdf\">SLSA Annual Report 2024 (high-res, 100 MB)<\/a><br \/>\n<a href=\"https:\/\/slsa.ch\/wp-content\/uploads\/2025\/12\/SLSA-Annual-Report-2024-low-res.pdf\">SLSA Annual Report 2024 (low-res, 31 MB)<\/a><\/p>\n<p><a href=\"https:\/\/slsa.ch\/wp-content\/uploads\/2024\/12\/slsa_jb-2023.pdf\">Rapport Annuel 2023 (42 MB)<\/a><br \/>\n<a title=\"Rapport Annuel 2022\" href=\"https:\/\/www.mydrive.ch\/shares\/99707\/0861cae308b766cfb0d496a35149e728\/browse\" target=\"_blank\" rel=\"noopener\">Rapport Annuel 2022 (22 MB)<\/a><br \/>\n<a title=\"Rapport Annuel 2021\" href=\"https:\/\/www.mydrive.ch\/shares\/99708\/410200e6a94a59c4bbf9adf8e0bc4e35\/browse\" target=\"_blank\" rel=\"noopener\">Rapport Annuel 2021 (21 MB)<\/a><br \/>\n<a title=\"Rapport Annuel 2020\" href=\"https:\/\/www.mydrive.ch\/shares\/99709\/72293fd8e29ba16d8ed05bbc7f13a27c\/browse\" target=\"_blank\" rel=\"noopener\">Rapport Annuel 2020 (42 MB)<\/a><br \/>\n<a title=\"Rapport Annuel 2018\" href=\"\/wp-content\/uploads\/2019\/09\/slsa_jb2018_low.pdf\" target=\"_blank\" rel=\"noopener\">Rapport Annuel 2018 (28 MB)<\/a><br \/>\n<a title=\"Rapport Annuel 2017\" href=\"\/wp-content\/uploads\/2018\/08\/SLSA_2017_JB_low.pdf\" target=\"_blank\" rel=\"noopener\">Rapport Annuel 2017<\/a><br \/>\n<a title=\"Rapport Annuel 2016\" href=\"\/wp-content\/uploads\/2017\/09\/SLSA_2016_JB.pdf\" target=\"_blank\" rel=\"noopener\">Rapport Annuel 2016<\/a><br \/>\n<a title=\"Rapport Annuel 2015\" href=\"\/wp-content\/uploads\/2017\/09\/SLSA_2015_AnRep.pdf\" target=\"_blank\" rel=\"noopener\">Rapport Annuel 2015<\/a><br \/>\n<a title=\"Rapport Annuel 2014\" href=\"\/wp-content\/uploads\/2015\/07\/SLSA_JB_2014_low.pdf\" target=\"_blank\" rel=\"noopener\">Rapport Annuel 2014<\/a><br \/>\n<a title=\"Rapport Annuel 2013\" href=\"\/wp-content\/uploads\/2014\/07\/SLSA_Rep13_low.pdf\" target=\"_blank\" rel=\"noopener\">Rapport Annuel 2013<\/a><\/p>\n<p><strong>Suppl\u00e9ment<\/strong><\/p>\n<p><a href=\"https:\/\/slsa.ch\/wp-content\/uploads\/2024\/12\/slsa_jb2023_p141-156_marokko-salzmaenner.pdf\">Rapport Annuel 2023, Reitmaier et al. (Salzm\u00e4nner), <em>avec planche en couleurs jointe<\/em><\/a>[\/vc_column_text][\/vc_column][\/full_width_section][full_width_section background_color=\u00a0\u00bb#2c4b79&Prime; text_color=\u00a0\u00bblight\u00a0\u00bb top_padding=\u00a0\u00bb110&Prime; bottom_padding=\u00a0\u00bb110&Prime;][vc_column column_padding=\u00a0\u00bbno-extra-padding\u00a0\u00bb column_padding_tablet=\u00a0\u00bbinherit\u00a0\u00bb column_padding_phone=\u00a0\u00bbinherit\u00a0\u00bb column_padding_position=\u00a0\u00bball\u00a0\u00bb column_element_direction_desktop=\u00a0\u00bbdefault\u00a0\u00bb column_element_spacing=\u00a0\u00bbdefault\u00a0\u00bb desktop_text_alignment=\u00a0\u00bbdefault\u00a0\u00bb tablet_text_alignment=\u00a0\u00bbdefault\u00a0\u00bb phone_text_alignment=\u00a0\u00bbdefault\u00a0\u00bb background_color_opacity=\u00a0\u00bb1&Prime; background_hover_color_opacity=\u00a0\u00bb1&Prime; column_backdrop_filter=\u00a0\u00bbnone\u00a0\u00bb column_shadow=\u00a0\u00bbnone\u00a0\u00bb column_border_radius=\u00a0\u00bbnone\u00a0\u00bb column_link_target=\u00a0\u00bb_self\u00a0\u00bb column_position=\u00a0\u00bbdefault\u00a0\u00bb gradient_direction=\u00a0\u00bbleft_to_right\u00a0\u00bb overlay_strength=\u00a0\u00bb0.3&Prime; width=\u00a0\u00bb1\/1&Prime; tablet_width_inherit=\u00a0\u00bbdefault\u00a0\u00bb animation_type=\u00a0\u00bbdefault\u00a0\u00bb enable_animation=\u00a0\u00bbtrue\u00a0\u00bb animation=\u00a0\u00bbfade-in\u00a0\u00bb animation_easing=\u00a0\u00bbdefault\u00a0\u00bb bg_image_animation=\u00a0\u00bbnone\u00a0\u00bb border_type=\u00a0\u00bbsimple\u00a0\u00bb column_border_width=\u00a0\u00bbnone\u00a0\u00bb column_border_style=\u00a0\u00bbsolid\u00a0\u00bb][vc_text_separator title=\u00a0\u00bbLe domaine de l\u2019arch\u00e9ologie cr\u00e9e les bases qui nous permettent de mieux comprendre la culture humaine\u00a0\u00bb][\/vc_column][\/full_width_section]\n","protected":false},"excerpt":{"rendered":"<p>[vc_row type=\u00a0\u00bbfull_width_background\u00a0\u00bb full_screen_row_position=\u00a0\u00bbmiddle\u00a0\u00bb column_margin=\u00a0\u00bbdefault\u00a0\u00bb column_direction=\u00a0\u00bbdefault\u00a0\u00bb column_direction_tablet=\u00a0\u00bbdefault\u00a0\u00bb column_direction_phone=\u00a0\u00bbdefault\u00a0\u00bb bg_color=\u00a0\u00bb#ffffff\u00a0\u00bb scene_position=\u00a0\u00bbcenter\u00a0\u00bb top_padding=\u00a0\u00bb85&Prime; text_color=\u00a0\u00bbdark\u00a0\u00bb text_align=\u00a0\u00bbleft\u00a0\u00bb row_border_radius=\u00a0\u00bbnone\u00a0\u00bb row_border_radius_applies=\u00a0\u00bbbg\u00a0\u00bb overflow=\u00a0\u00bbvisible\u00a0\u00bb overlay_strength=\u00a0\u00bb0.3&Prime; gradient_direction=\u00a0\u00bbleft_to_right\u00a0\u00bb shape_divider_position=\u00a0\u00bbbottom\u00a0\u00bb bg_image_animation=\u00a0\u00bbnone\u00a0\u00bb][vc_column column_padding=\u00a0\u00bbno-extra-padding\u00a0\u00bb column_padding_tablet=\u00a0\u00bbinherit\u00a0\u00bb column_padding_phone=\u00a0\u00bbinherit\u00a0\u00bb column_padding_position=\u00a0\u00bball\u00a0\u00bb column_element_direction_desktop=\u00a0\u00bbdefault\u00a0\u00bb column_element_spacing=\u00a0\u00bbdefault\u00a0\u00bb desktop_text_alignment=\u00a0\u00bbdefault\u00a0\u00bb tablet_text_alignment=\u00a0\u00bbdefault\u00a0\u00bb phone_text_alignment=\u00a0\u00bbdefault\u00a0\u00bb background_color_opacity=\u00a0\u00bb1&Prime; background_hover_color_opacity=\u00a0\u00bb1&Prime;&#8230;<\/p>\n","protected":false},"author":2,"featured_media":0,"parent":0,"menu_order":16,"comment_status":"open","ping_status":"closed","template":"","meta":{"footnotes":""},"class_list":["post-2261","page","type-page","status-publish"],"_links":{"self":[{"href":"https:\/\/slsa.ch\/fr\/wp-json\/wp\/v2\/pages\/2261","targetHints":{"allow":["GET"]}}],"collection":[{"href":"https:\/\/slsa.ch\/fr\/wp-json\/wp\/v2\/pages"}],"about":[{"href":"https:\/\/slsa.ch\/fr\/wp-json\/wp\/v2\/types\/page"}],"author":[{"embeddable":true,"href":"https:\/\/slsa.ch\/fr\/wp-json\/wp\/v2\/users\/2"}],"replies":[{"embeddable":true,"href":"https:\/\/slsa.ch\/fr\/wp-json\/wp\/v2\/comments?post=2261"}],"version-history":[{"count":5,"href":"https:\/\/slsa.ch\/fr\/wp-json\/wp\/v2\/pages\/2261\/revisions"}],"predecessor-version":[{"id":7891,"href":"https:\/\/slsa.ch\/fr\/wp-json\/wp\/v2\/pages\/2261\/revisions\/7891"}],"wp:attachment":[{"href":"https:\/\/slsa.ch\/fr\/wp-json\/wp\/v2\/media?parent=2261"}],"curies":[{"name":"wp","href":"https:\/\/api.w.org\/{rel}","templated":true}]}}