{"id":2255,"date":"2014-03-04T16:26:13","date_gmt":"2014-03-04T15:26:13","guid":{"rendered":"http:\/\/www.slsa.ch\/?page_id=2255"},"modified":"2024-10-09T10:14:43","modified_gmt":"2024-10-09T08:14:43","slug":"projets-termines","status":"publish","type":"page","link":"https:\/\/slsa.ch\/fr\/projets-termines\/","title":{"rendered":"Projets termin\u00e9s"},"content":{"rendered":"[vc_row type=\u00a0\u00bbfull_width_background\u00a0\u00bb full_screen_row_position=\u00a0\u00bbmiddle\u00a0\u00bb column_margin=\u00a0\u00bbdefault\u00a0\u00bb column_direction=\u00a0\u00bbdefault\u00a0\u00bb column_direction_tablet=\u00a0\u00bbdefault\u00a0\u00bb column_direction_phone=\u00a0\u00bbdefault\u00a0\u00bb bg_color=\u00a0\u00bb#ffffff\u00a0\u00bb scene_position=\u00a0\u00bbcenter\u00a0\u00bb top_padding=\u00a0\u00bb110&Prime; text_color=\u00a0\u00bbdark\u00a0\u00bb text_align=\u00a0\u00bbleft\u00a0\u00bb row_border_radius=\u00a0\u00bbnone\u00a0\u00bb row_border_radius_applies=\u00a0\u00bbbg\u00a0\u00bb overflow=\u00a0\u00bbvisible\u00a0\u00bb overlay_strength=\u00a0\u00bb0.3&Prime; gradient_direction=\u00a0\u00bbleft_to_right\u00a0\u00bb shape_divider_position=\u00a0\u00bbbottom\u00a0\u00bb bg_image_animation=\u00a0\u00bbnone\u00a0\u00bb][vc_column column_padding=\u00a0\u00bbno-extra-padding\u00a0\u00bb column_padding_tablet=\u00a0\u00bbinherit\u00a0\u00bb column_padding_phone=\u00a0\u00bbinherit\u00a0\u00bb column_padding_position=\u00a0\u00bball\u00a0\u00bb column_element_direction_desktop=\u00a0\u00bbdefault\u00a0\u00bb column_element_spacing=\u00a0\u00bbdefault\u00a0\u00bb desktop_text_alignment=\u00a0\u00bbdefault\u00a0\u00bb tablet_text_alignment=\u00a0\u00bbdefault\u00a0\u00bb phone_text_alignment=\u00a0\u00bbdefault\u00a0\u00bb background_color_opacity=\u00a0\u00bb1&Prime; background_hover_color_opacity=\u00a0\u00bb1&Prime; column_backdrop_filter=\u00a0\u00bbnone\u00a0\u00bb column_shadow=\u00a0\u00bbnone\u00a0\u00bb column_border_radius=\u00a0\u00bbnone\u00a0\u00bb column_link_target=\u00a0\u00bb_self\u00a0\u00bb column_position=\u00a0\u00bbdefault\u00a0\u00bb gradient_direction=\u00a0\u00bbleft_to_right\u00a0\u00bb overlay_strength=\u00a0\u00bb0.3&Prime; width=\u00a0\u00bb1\/1&Prime; tablet_width_inherit=\u00a0\u00bbdefault\u00a0\u00bb animation_type=\u00a0\u00bbdefault\u00a0\u00bb enable_animation=\u00a0\u00bbtrue\u00a0\u00bb animation=\u00a0\u00bbfade-in\u00a0\u00bb animation_easing=\u00a0\u00bbdefault\u00a0\u00bb bg_image_animation=\u00a0\u00bbnone\u00a0\u00bb border_type=\u00a0\u00bbsimple\u00a0\u00bb column_border_width=\u00a0\u00bbnone\u00a0\u00bb column_border_style=\u00a0\u00bbsolid\u00a0\u00bb][vc_text_separator title=\u00a0\u00bbPROJETS TERMIN\u00c9S\u00a0\u00bb][\/vc_column][\/vc_row][full_width_section background_color=\u00a0\u00bb#ffffff\u00a0\u00bb text_color=\u00a0\u00bbcustom\u00a0\u00bb custom_text_color=\u00a0\u00bb#515151&Prime; top_padding=\u00a0\u00bb65&Prime; bottom_padding=\u00a0\u00bb25&Prime;][vc_column column_padding=\u00a0\u00bbno-extra-padding\u00a0\u00bb column_padding_tablet=\u00a0\u00bbinherit\u00a0\u00bb column_padding_phone=\u00a0\u00bbinherit\u00a0\u00bb column_padding_position=\u00a0\u00bball\u00a0\u00bb column_element_direction_desktop=\u00a0\u00bbdefault\u00a0\u00bb column_element_spacing=\u00a0\u00bbdefault\u00a0\u00bb desktop_text_alignment=\u00a0\u00bbdefault\u00a0\u00bb tablet_text_alignment=\u00a0\u00bbdefault\u00a0\u00bb phone_text_alignment=\u00a0\u00bbdefault\u00a0\u00bb background_color_opacity=\u00a0\u00bb1&Prime; background_hover_color_opacity=\u00a0\u00bb1&Prime; column_backdrop_filter=\u00a0\u00bbnone\u00a0\u00bb column_shadow=\u00a0\u00bbnone\u00a0\u00bb column_border_radius=\u00a0\u00bbnone\u00a0\u00bb column_link_target=\u00a0\u00bb_self\u00a0\u00bb column_position=\u00a0\u00bbdefault\u00a0\u00bb gradient_direction=\u00a0\u00bbleft_to_right\u00a0\u00bb overlay_strength=\u00a0\u00bb0.3&Prime; width=\u00a0\u00bb1\/2&Prime; tablet_width_inherit=\u00a0\u00bbdefault\u00a0\u00bb animation_type=\u00a0\u00bbdefault\u00a0\u00bb enable_animation=\u00a0\u00bbtrue\u00a0\u00bb animation=\u00a0\u00bbfade-in\u00a0\u00bb animation_easing=\u00a0\u00bbdefault\u00a0\u00bb bg_image_animation=\u00a0\u00bbnone\u00a0\u00bb border_type=\u00a0\u00bbsimple\u00a0\u00bb column_border_width=\u00a0\u00bbnone\u00a0\u00bb column_border_style=\u00a0\u00bbsolid\u00a0\u00bb][vc_column_text]Depuis sa cr\u00e9ation en 1986, la SLSA a conduit cinq autres projets qui sont maintenant termin\u00e9s. Son projet pilote l\u2019a conduit de 1987 \u00e0 1995, sous la direction de l\u2019arch\u00e9ologue genevois Pierre Corboud, au <strong>Fujairah, l\u2019un des Emirats arabes unis<\/strong>. Ce projet, initi\u00e9 par Kather Massaad, Suisse en activit\u00e9 dans les Emirats, avait pour objectif de rechercher et de conserver des sites et monuments pr\u00e9historiques et protohistoriques. Les r\u00e9sultats de ce projet ont \u00e9t\u00e9 publi\u00e9s dans un volume de la s\u00e9rie de monographies \u00ab Terra Archaeologica \u00bb.<\/p>\n<p>Le projet ethno-arch\u00e9ologique de la SLSA portant sur <strong>le Delta int\u00e9rieur du Niger au Mali<\/strong> (de 1988 \u00e0 1995), sous la direction du Professeur genevois Alain Gallay, sp\u00e9cialiste de la pr\u00e9histoire, a principalement \u00e9tudi\u00e9 les traditions c\u00e9ramiques d\u00e9j\u00e0 menac\u00e9es dans la r\u00e9gion au-dessus de Tombonctou. Les donn\u00e9es r\u00e9colt\u00e9es servent \u00e9galement \u00e0 \u00e9valuer le mat\u00e9riel arch\u00e9ologique exhum\u00e9. Le responsable du projet a \u00e9t\u00e9 assist\u00e9 par Eric Huysecom, pr\u00e9historien belge, qui a dirig\u00e9 par la suite le projet de la SLSA \u00e0 Ounjougou (de 1997 jusqu\u2019\u00e0 aujourd\u2019hui). Le rapport final a \u00e9galement \u00e9t\u00e9 publi\u00e9 dans la s\u00e9rie \u00ab Terra Archaeologica \u00bb.<\/p>\n<p>La SLSA a r\u00e9alis\u00e9 en 1990\/91 un petit projet dirig\u00e9 par le Suisse-Am\u00e9ricain Peter B\u00fcrgi dans <strong>les vall\u00e9es de Torata au P\u00e9rou<\/strong>. Dans le cadre de la coop\u00e9ration pour le d\u00e9veloppement arch\u00e9ologique, celui-ci a recueilli du mat\u00e9riel sur la colonisation par les Incas du Sud du P\u00e9rou du 11\u00e8me au 14\u00e8me si\u00e8cle apr\u00e8s J.C. Le directeur du projet a publi\u00e9 les r\u00e9sultats en 1992 dans le cadre de son travail de doctorat. La SLSA a pour sa part publi\u00e9 le rapport pr\u00e9liminaire dans son rapport annuel de 1992.[\/vc_column_text][\/vc_column][vc_column column_padding=\u00a0\u00bbno-extra-padding\u00a0\u00bb column_padding_tablet=\u00a0\u00bbinherit\u00a0\u00bb column_padding_phone=\u00a0\u00bbinherit\u00a0\u00bb column_padding_position=\u00a0\u00bball\u00a0\u00bb column_element_direction_desktop=\u00a0\u00bbdefault\u00a0\u00bb column_element_spacing=\u00a0\u00bbdefault\u00a0\u00bb desktop_text_alignment=\u00a0\u00bbdefault\u00a0\u00bb tablet_text_alignment=\u00a0\u00bbdefault\u00a0\u00bb phone_text_alignment=\u00a0\u00bbdefault\u00a0\u00bb background_color_opacity=\u00a0\u00bb1&Prime; background_hover_color_opacity=\u00a0\u00bb1&Prime; column_backdrop_filter=\u00a0\u00bbnone\u00a0\u00bb column_shadow=\u00a0\u00bbnone\u00a0\u00bb column_border_radius=\u00a0\u00bbnone\u00a0\u00bb column_link_target=\u00a0\u00bb_self\u00a0\u00bb column_position=\u00a0\u00bbdefault\u00a0\u00bb gradient_direction=\u00a0\u00bbleft_to_right\u00a0\u00bb overlay_strength=\u00a0\u00bb0.3&Prime; width=\u00a0\u00bb1\/2&Prime; tablet_width_inherit=\u00a0\u00bbdefault\u00a0\u00bb animation_type=\u00a0\u00bbdefault\u00a0\u00bb enable_animation=\u00a0\u00bbtrue\u00a0\u00bb animation=\u00a0\u00bbfade-in\u00a0\u00bb animation_easing=\u00a0\u00bbdefault\u00a0\u00bb bg_image_animation=\u00a0\u00bbnone\u00a0\u00bb border_type=\u00a0\u00bbsimple\u00a0\u00bb column_border_width=\u00a0\u00bbnone\u00a0\u00bb column_border_style=\u00a0\u00bbsolid\u00a0\u00bb][vc_column_text]De 1992 \u00e0 1999, la SLSA a encadr\u00e9 un projet dans la <strong>p\u00e9ninsule tchouktche<\/strong> \u00e0 l\u2019extr\u00eame Nord-Est de la Sib\u00e9rie, sous la direction de Yvon Csonka. Des traces int\u00e9ressantes de populations esquimaudes pr\u00e9historiques y ont \u00e9t\u00e9 d\u00e9couvertes (de 500 avant J.C. \u00e0 1500 apr\u00e8s J.C) . Les brisants de la mer de B\u00e9ring ainsi que les fouilles illicites ont mis en p\u00e9ril le patrimoine national de la population autochtone. C\u2019est la raison pour laquelle la SLSA s\u2019est associ\u00e9e \u00e0 un comit\u00e9 international pour la sauvegarde des sites et d\u00e9couvertes dans les r\u00e9gions frontali\u00e8res du continent am\u00e9ricain et asiatique. La premi\u00e8re action sur le terrain n\u2019a pu \u00eatre r\u00e9alis\u00e9e qu\u2019en 1995. En 1996, 1997, 1998 et 1999, d\u2019autres actions ont \u00e9t\u00e9 men\u00e9es et d\u00e9crites dans les rapports annuels concern\u00e9s. En ao\u00fbt 1998, la SLSA a organis\u00e9 pour ses membres un voyage dans l\u2019Ouest du Groenland que son responsable, le Prof. Hans-Georg Bandi, Dr. H.c., a relat\u00e9 en d\u00e9tail dans le rapport annuel 1998. Le dernier article paru dans le rapport annuel 1999 est disponible sous forme de fichier PDF.<\/p>\n<p>Enfin, la SLSA a dirig\u00e9 en 1999 et en 2000 des fouilles de sauvetage arch\u00e9ologique dans l\u2019Est de l\u2019Himalaya. Le projet <strong>\u00ab Bathpalathang \u00bb<\/strong> a \u00e9t\u00e9 dirig\u00e9 dans <strong>le Royaume du Bhoutan<\/strong> par Reto Blumer, \u00e0 l\u2019\u00e9poque collaborateur du secr\u00e9tariat g\u00e9n\u00e9ral de la SLSA. Les r\u00e9sultats de ces fouilles ont \u00e9t\u00e9 publi\u00e9s dans les rapports annuels 1998, 2000 et 2001. Les articles parus dans les rapports 2000 et 2001 dont disponibles sous forme de fichiers PDF. Malgr\u00e9 les efforts de la SLSA, il n\u2019est pas possible de poursuivre ce projet. La SLSA est toutefois int\u00e9ress\u00e9e par le fait de continuer les travaux de recherche au Bhoutan et attache une grande importance \u00e0 une collaboration avec Helvetas. Elle est en contact avec l\u2019Ambassadeur suisse de l\u2019Inde et du Bhoutan. Celui-ci a rendu en 2002 une visite officielle au gouvernement bhoutanais avec le Conseiller f\u00e9d\u00e9ral Josef Deiss. Le Bhoutan d\u00e9sire pour sa part que les arch\u00e9ologues locaux puissent \u00eatre form\u00e9s en Suisse. Un projet arch\u00e9ologique dirig\u00e9 par un expert ainsi form\u00e9 serait ensuite envisageable au Bhoutan en collaboration avec une institution suisse (SLSA\/Helvetas).[\/vc_column_text][\/vc_column][\/full_width_section][full_width_section background_color=\u00a0\u00bb#ffffff\u00a0\u00bb text_color=\u00a0\u00bblight\u00a0\u00bb top_padding=\u00a0\u00bb45&Prime; bottom_padding=\u00a0\u00bb65&Prime;][vc_column column_padding=\u00a0\u00bbno-extra-padding\u00a0\u00bb column_padding_tablet=\u00a0\u00bbinherit\u00a0\u00bb column_padding_phone=\u00a0\u00bbinherit\u00a0\u00bb column_padding_position=\u00a0\u00bball\u00a0\u00bb column_element_direction_desktop=\u00a0\u00bbdefault\u00a0\u00bb column_element_spacing=\u00a0\u00bbdefault\u00a0\u00bb desktop_text_alignment=\u00a0\u00bbdefault\u00a0\u00bb tablet_text_alignment=\u00a0\u00bbdefault\u00a0\u00bb phone_text_alignment=\u00a0\u00bbdefault\u00a0\u00bb background_color_opacity=\u00a0\u00bb1&Prime; background_hover_color_opacity=\u00a0\u00bb1&Prime; column_backdrop_filter=\u00a0\u00bbnone\u00a0\u00bb column_shadow=\u00a0\u00bbnone\u00a0\u00bb column_border_radius=\u00a0\u00bbnone\u00a0\u00bb column_link_target=\u00a0\u00bb_self\u00a0\u00bb column_position=\u00a0\u00bbdefault\u00a0\u00bb gradient_direction=\u00a0\u00bbleft_to_right\u00a0\u00bb overlay_strength=\u00a0\u00bb0.3&Prime; width=\u00a0\u00bb1\/3&Prime; tablet_width_inherit=\u00a0\u00bbdefault\u00a0\u00bb animation_type=\u00a0\u00bbdefault\u00a0\u00bb enable_animation=\u00a0\u00bbtrue\u00a0\u00bb animation=\u00a0\u00bbfade-in\u00a0\u00bb animation_easing=\u00a0\u00bbdefault\u00a0\u00bb bg_image_animation=\u00a0\u00bbnone\u00a0\u00bb border_type=\u00a0\u00bbsimple\u00a0\u00bb column_border_width=\u00a0\u00bbnone\u00a0\u00bb column_border_style=\u00a0\u00bbsolid\u00a0\u00bb][\/vc_column][vc_column column_padding=\u00a0\u00bbno-extra-padding\u00a0\u00bb column_padding_tablet=\u00a0\u00bbinherit\u00a0\u00bb column_padding_phone=\u00a0\u00bbinherit\u00a0\u00bb column_padding_position=\u00a0\u00bball\u00a0\u00bb column_element_direction_desktop=\u00a0\u00bbdefault\u00a0\u00bb column_element_spacing=\u00a0\u00bbdefault\u00a0\u00bb desktop_text_alignment=\u00a0\u00bbdefault\u00a0\u00bb tablet_text_alignment=\u00a0\u00bbdefault\u00a0\u00bb phone_text_alignment=\u00a0\u00bbdefault\u00a0\u00bb background_color_opacity=\u00a0\u00bb1&Prime; background_hover_color_opacity=\u00a0\u00bb1&Prime; column_backdrop_filter=\u00a0\u00bbnone\u00a0\u00bb column_shadow=\u00a0\u00bbnone\u00a0\u00bb column_border_radius=\u00a0\u00bbnone\u00a0\u00bb column_link_target=\u00a0\u00bb_self\u00a0\u00bb column_position=\u00a0\u00bbdefault\u00a0\u00bb gradient_direction=\u00a0\u00bbleft_to_right\u00a0\u00bb overlay_strength=\u00a0\u00bb0.3&Prime; width=\u00a0\u00bb1\/3&Prime; tablet_width_inherit=\u00a0\u00bbdefault\u00a0\u00bb animation_type=\u00a0\u00bbdefault\u00a0\u00bb bg_image_animation=\u00a0\u00bbnone\u00a0\u00bb border_type=\u00a0\u00bbsimple\u00a0\u00bb column_border_width=\u00a0\u00bbnone\u00a0\u00bb column_border_style=\u00a0\u00bbsolid\u00a0\u00bb][image_with_animation image_url=\u00a0\u00bb3873&Prime; image_size=\u00a0\u00bbfull\u00a0\u00bb animation_type=\u00a0\u00bbentrance\u00a0\u00bb animation=\u00a0\u00bbFade In\u00a0\u00bb animation_easing=\u00a0\u00bbdefault\u00a0\u00bb animation_movement_type=\u00a0\u00bbtransform_y\u00a0\u00bb hover_animation=\u00a0\u00bbnone\u00a0\u00bb alignment=\u00a0\u00bbcenter\u00a0\u00bb border_radius=\u00a0\u00bbnone\u00a0\u00bb box_shadow=\u00a0\u00bbnone\u00a0\u00bb image_loading=\u00a0\u00bbdefault\u00a0\u00bb max_width=\u00a0\u00bb100%\u00a0\u00bb max_width_mobile=\u00a0\u00bbdefault\u00a0\u00bb][\/vc_column][vc_column column_padding=\u00a0\u00bbno-extra-padding\u00a0\u00bb column_padding_tablet=\u00a0\u00bbinherit\u00a0\u00bb column_padding_phone=\u00a0\u00bbinherit\u00a0\u00bb column_padding_position=\u00a0\u00bball\u00a0\u00bb column_element_direction_desktop=\u00a0\u00bbdefault\u00a0\u00bb column_element_spacing=\u00a0\u00bbdefault\u00a0\u00bb desktop_text_alignment=\u00a0\u00bbdefault\u00a0\u00bb tablet_text_alignment=\u00a0\u00bbdefault\u00a0\u00bb phone_text_alignment=\u00a0\u00bbdefault\u00a0\u00bb background_color_opacity=\u00a0\u00bb1&Prime; background_hover_color_opacity=\u00a0\u00bb1&Prime; column_backdrop_filter=\u00a0\u00bbnone\u00a0\u00bb column_shadow=\u00a0\u00bbnone\u00a0\u00bb column_border_radius=\u00a0\u00bbnone\u00a0\u00bb column_link_target=\u00a0\u00bb_self\u00a0\u00bb column_position=\u00a0\u00bbdefault\u00a0\u00bb gradient_direction=\u00a0\u00bbleft_to_right\u00a0\u00bb overlay_strength=\u00a0\u00bb0.3&Prime; width=\u00a0\u00bb1\/3&Prime; tablet_width_inherit=\u00a0\u00bbdefault\u00a0\u00bb animation_type=\u00a0\u00bbdefault\u00a0\u00bb bg_image_animation=\u00a0\u00bbnone\u00a0\u00bb border_type=\u00a0\u00bbsimple\u00a0\u00bb column_border_width=\u00a0\u00bbnone\u00a0\u00bb column_border_style=\u00a0\u00bbsolid\u00a0\u00bb][\/vc_column][\/full_width_section]\n","protected":false},"excerpt":{"rendered":"<p>[vc_row type=\u00a0\u00bbfull_width_background\u00a0\u00bb full_screen_row_position=\u00a0\u00bbmiddle\u00a0\u00bb column_margin=\u00a0\u00bbdefault\u00a0\u00bb column_direction=\u00a0\u00bbdefault\u00a0\u00bb column_direction_tablet=\u00a0\u00bbdefault\u00a0\u00bb column_direction_phone=\u00a0\u00bbdefault\u00a0\u00bb bg_color=\u00a0\u00bb#ffffff\u00a0\u00bb scene_position=\u00a0\u00bbcenter\u00a0\u00bb top_padding=\u00a0\u00bb110&Prime; text_color=\u00a0\u00bbdark\u00a0\u00bb text_align=\u00a0\u00bbleft\u00a0\u00bb row_border_radius=\u00a0\u00bbnone\u00a0\u00bb row_border_radius_applies=\u00a0\u00bbbg\u00a0\u00bb overflow=\u00a0\u00bbvisible\u00a0\u00bb overlay_strength=\u00a0\u00bb0.3&Prime; gradient_direction=\u00a0\u00bbleft_to_right\u00a0\u00bb shape_divider_position=\u00a0\u00bbbottom\u00a0\u00bb bg_image_animation=\u00a0\u00bbnone\u00a0\u00bb][vc_column column_padding=\u00a0\u00bbno-extra-padding\u00a0\u00bb column_padding_tablet=\u00a0\u00bbinherit\u00a0\u00bb column_padding_phone=\u00a0\u00bbinherit\u00a0\u00bb column_padding_position=\u00a0\u00bball\u00a0\u00bb column_element_direction_desktop=\u00a0\u00bbdefault\u00a0\u00bb column_element_spacing=\u00a0\u00bbdefault\u00a0\u00bb desktop_text_alignment=\u00a0\u00bbdefault\u00a0\u00bb tablet_text_alignment=\u00a0\u00bbdefault\u00a0\u00bb phone_text_alignment=\u00a0\u00bbdefault\u00a0\u00bb background_color_opacity=\u00a0\u00bb1&Prime; background_hover_color_opacity=\u00a0\u00bb1&Prime;&#8230;<\/p>\n","protected":false},"author":2,"featured_media":0,"parent":0,"menu_order":13,"comment_status":"open","ping_status":"open","template":"","meta":{"footnotes":""},"class_list":["post-2255","page","type-page","status-publish"],"_links":{"self":[{"href":"https:\/\/slsa.ch\/fr\/wp-json\/wp\/v2\/pages\/2255","targetHints":{"allow":["GET"]}}],"collection":[{"href":"https:\/\/slsa.ch\/fr\/wp-json\/wp\/v2\/pages"}],"about":[{"href":"https:\/\/slsa.ch\/fr\/wp-json\/wp\/v2\/types\/page"}],"author":[{"embeddable":true,"href":"https:\/\/slsa.ch\/fr\/wp-json\/wp\/v2\/users\/2"}],"replies":[{"embeddable":true,"href":"https:\/\/slsa.ch\/fr\/wp-json\/wp\/v2\/comments?post=2255"}],"version-history":[{"count":1,"href":"https:\/\/slsa.ch\/fr\/wp-json\/wp\/v2\/pages\/2255\/revisions"}],"predecessor-version":[{"id":7601,"href":"https:\/\/slsa.ch\/fr\/wp-json\/wp\/v2\/pages\/2255\/revisions\/7601"}],"wp:attachment":[{"href":"https:\/\/slsa.ch\/fr\/wp-json\/wp\/v2\/media?parent=2255"}],"curies":[{"name":"wp","href":"https:\/\/api.w.org\/{rel}","templated":true}]}}