{"id":2716,"date":"2014-05-06T16:33:58","date_gmt":"2014-05-06T16:33:58","guid":{"rendered":"http:\/\/www.slsa.ch\/?page_id=2716"},"modified":"2024-10-09T12:15:29","modified_gmt":"2024-10-09T10:15:29","slug":"senegal-mali","status":"publish","type":"page","link":"https:\/\/slsa.ch\/en\/projects\/current-projects\/senegal-mali\/","title":{"rendered":"Senegal, Mali"},"content":{"rendered":"[vc_row type=&#8221;in_container&#8221; full_screen_row_position=&#8221;middle&#8221; column_margin=&#8221;default&#8221; column_direction=&#8221;default&#8221; column_direction_tablet=&#8221;default&#8221; column_direction_phone=&#8221;default&#8221; scene_position=&#8221;center&#8221; top_padding=&#8221;45&#8243; text_color=&#8221;dark&#8221; text_align=&#8221;left&#8221; row_border_radius=&#8221;none&#8221; row_border_radius_applies=&#8221;bg&#8221; overflow=&#8221;visible&#8221; overlay_strength=&#8221;0.3&#8243; gradient_direction=&#8221;left_to_right&#8221; shape_divider_position=&#8221;bottom&#8221; bg_image_animation=&#8221;none&#8221;][vc_column column_padding=&#8221;no-extra-padding&#8221; column_padding_tablet=&#8221;inherit&#8221; column_padding_phone=&#8221;inherit&#8221; column_padding_position=&#8221;all&#8221; column_element_direction_desktop=&#8221;default&#8221; column_element_spacing=&#8221;default&#8221; desktop_text_alignment=&#8221;default&#8221; tablet_text_alignment=&#8221;default&#8221; phone_text_alignment=&#8221;default&#8221; background_color_opacity=&#8221;1&#8243; background_hover_color_opacity=&#8221;1&#8243; column_backdrop_filter=&#8221;none&#8221; column_shadow=&#8221;none&#8221; column_border_radius=&#8221;none&#8221; column_link_target=&#8221;_self&#8221; column_position=&#8221;default&#8221; gradient_direction=&#8221;left_to_right&#8221; overlay_strength=&#8221;0.3&#8243; width=&#8221;1\/1&#8243; tablet_width_inherit=&#8221;default&#8221; animation_type=&#8221;default&#8221; bg_image_animation=&#8221;none&#8221; border_type=&#8221;simple&#8221; column_border_width=&#8221;none&#8221; column_border_style=&#8221;solid&#8221;][heading]FAL\u00c9M\u00c9, SENEGAL UND MALI<\/p>\n<h4>Peuplement humain et pal\u00e9oenvironnement en Afrique<\/h4>\n[\/heading][\/vc_column][\/vc_row][vc_row type=&#8221;full_width_background&#8221; full_screen_row_position=&#8221;middle&#8221; column_margin=&#8221;default&#8221; column_direction=&#8221;default&#8221; column_direction_tablet=&#8221;default&#8221; column_direction_phone=&#8221;default&#8221; scene_position=&#8221;center&#8221; bottom_padding=&#8221;40&#8243; text_color=&#8221;dark&#8221; text_align=&#8221;left&#8221; row_border_radius=&#8221;none&#8221; row_border_radius_applies=&#8221;bg&#8221; overflow=&#8221;visible&#8221; overlay_strength=&#8221;0.3&#8243; gradient_direction=&#8221;left_to_right&#8221; shape_divider_position=&#8221;bottom&#8221; bg_image_animation=&#8221;none&#8221;][vc_column column_padding=&#8221;no-extra-padding&#8221; column_padding_tablet=&#8221;inherit&#8221; column_padding_phone=&#8221;inherit&#8221; column_padding_position=&#8221;all&#8221; column_element_direction_desktop=&#8221;default&#8221; column_element_spacing=&#8221;default&#8221; desktop_text_alignment=&#8221;default&#8221; tablet_text_alignment=&#8221;default&#8221; phone_text_alignment=&#8221;default&#8221; background_color_opacity=&#8221;1&#8243; background_hover_color_opacity=&#8221;1&#8243; column_backdrop_filter=&#8221;none&#8221; column_shadow=&#8221;none&#8221; column_border_radius=&#8221;none&#8221; column_link_target=&#8221;_self&#8221; column_position=&#8221;default&#8221; gradient_direction=&#8221;left_to_right&#8221; overlay_strength=&#8221;0.3&#8243; width=&#8221;1\/1&#8243; tablet_width_inherit=&#8221;default&#8221; animation_type=&#8221;default&#8221; bg_image_animation=&#8221;none&#8221; border_type=&#8221;simple&#8221; column_border_width=&#8221;none&#8221; column_border_style=&#8221;solid&#8221;][nectar_gmap map_type=&#8221;leaflet&#8221; zoom=&#8221;8&#8243; marker_style=&#8221;default&#8221; color=&#8221;accent-color&#8221; marker_image=&#8221;1366&#8243; marker_animation=&#8221;1&#8243; size=&#8221;450&#8243; map_center_lat=&#8221;13.376133&#8243; map_center_lng=&#8221;-11.870877&#8243; map_markers=&#8221;13.376133|-11.870877|SLSA in Senegal&#8221;][\/vc_column][\/vc_row][vc_row type=&#8221;in_container&#8221; full_screen_row_position=&#8221;middle&#8221; column_margin=&#8221;default&#8221; column_direction=&#8221;default&#8221; column_direction_tablet=&#8221;default&#8221; column_direction_phone=&#8221;default&#8221; scene_position=&#8221;center&#8221; top_padding=&#8221;10&#8243; bottom_padding=&#8221;0&#8243; text_color=&#8221;dark&#8221; text_align=&#8221;left&#8221; row_border_radius=&#8221;none&#8221; row_border_radius_applies=&#8221;bg&#8221; overflow=&#8221;visible&#8221; overlay_strength=&#8221;0.3&#8243; gradient_direction=&#8221;left_to_right&#8221; shape_divider_position=&#8221;bottom&#8221; bg_image_animation=&#8221;none&#8221;][vc_column column_padding=&#8221;no-extra-padding&#8221; column_padding_tablet=&#8221;inherit&#8221; column_padding_phone=&#8221;inherit&#8221; column_padding_position=&#8221;all&#8221; column_element_direction_desktop=&#8221;default&#8221; column_element_spacing=&#8221;default&#8221; desktop_text_alignment=&#8221;default&#8221; tablet_text_alignment=&#8221;default&#8221; phone_text_alignment=&#8221;default&#8221; background_color_opacity=&#8221;1&#8243; background_hover_color_opacity=&#8221;1&#8243; column_backdrop_filter=&#8221;none&#8221; column_shadow=&#8221;none&#8221; column_border_radius=&#8221;none&#8221; column_link_target=&#8221;_self&#8221; column_position=&#8221;default&#8221; gradient_direction=&#8221;left_to_right&#8221; overlay_strength=&#8221;0.3&#8243; width=&#8221;2\/3&#8243; tablet_width_inherit=&#8221;default&#8221; animation_type=&#8221;default&#8221; bg_image_animation=&#8221;none&#8221; border_type=&#8221;simple&#8221; column_border_width=&#8221;none&#8221; column_border_style=&#8221;solid&#8221;][vc_column_text]Le projet en cours (2019-2022) marque une troisi\u00e8me phase du projet\u00a0P<i>euplement humain et pal\u00e9oenvironnement en Afrique de l&#8217;Ouest &#8211; Projet Fal\u00e9m\u00e9<\/i>\u00a0d\u00e9but\u00e9 en 2012 au S\u00e9n\u00e9gal, coordonn\u00e9 par le Laboratoire Arch\u00e9ologie et Peuplement de l\u2019Afrique (<a href=\"http:\/\/ua.unige.ch\/fr\/apa\/\">http:\/\/ua.unige.ch\/fr\/apa\/<\/a>) de l\u2019Universit\u00e9 de Gen\u00e8ve. Il s&#8217;inscrit, comme pr\u00e9c\u00e9demment, dans la th\u00e9matique g\u00e9n\u00e9rale des dynamiques techniques, en lien avec l\u2019histoire du peuplement sur le temps long et des variations environnementales. Il se justifie par la d\u00e9couverte r\u00e9cente de sites arch\u00e9ologiques majeurs pour la compr\u00e9hension du peuplement de l&#8217;Afrique en g\u00e9n\u00e9ral et de celui de l&#8217;Afrique de l&#8217;Ouest en particulier. Quatre volets constituent le focus de la pr\u00e9sente phase du projet:<\/p>\n<p>1.\u00a0<i>Caract\u00e9riser les dynamiques d\u2019occupation anciennes de la Fal\u00e9m\u00e9<\/i>: ce volet s&#8217;attache \u00e0 l&#8217;\u00e9tude du site du Ravin Blanc IV, un gisement Acheul\u00e9en exceptionnel\u00a0<i>in situ<\/i>. D\u2019apr\u00e8s les dates pr\u00e9liminaires, ce large atelier de taille serait contemporain de sites du d\u00e9but du Middle Stone Age et aux premiers vestiges d\u2019humains anatomiquement modernes d\u2019Afrique. Le site du Chacal, quant \u00e0 lui, pr\u00e9sente une industrie Acheul\u00e9enne in\u00e9dite, t\u00e9moignant d\u2019une trajectoire culturelle longue, riche et complexe en Afrique de l\u2019Ouest \u00e0 la fin du Pl\u00e9istoc\u00e8ne moyen.<\/p>\n<p>2.\u00a0<i>Discerner le passage des derniers chasseurs-cueilleurs aux soci\u00e9t\u00e9s productrices<\/i>: plusieurs nouveaux sites du Late Stone Age\u00a0<i>in situ<\/i>\u00a0et bien stratifi\u00e9s, dans un contexte pa\u00e9loenvironnemental maintenant bien cern\u00e9, ont \u00e9t\u00e9 dat\u00e9s entre 17&#8217;000 et 7&#8217;000 calBC (OSL et C<sup>14<\/sup>). Certains ont \u00e9galement livr\u00e9 des vestiges c\u00e9ramiques d\u00e8s le 5<sup>e\u00a0<\/sup>mill. calBC. Cet ensemble de sites constitue un quatri\u00e8me point en Afrique de l&#8217;Ouest et apporte des donn\u00e9es nouvelles sur les derniers chasseurs-cueilleurs et l&#8217;av\u00e8nement des soci\u00e9t\u00e9 productrices dans cette r\u00e9gion.<\/p>\n<p>3.\u00a0<i>Documenter la variabilit\u00e9 technologique et culturelle de la m\u00e9tallurgie du fer<\/i>: les derni\u00e8res missions de terrain ont permis d&#8217;identifier un \u00c2ge du fer ancien remontant au 4<sup>e<\/sup>\u00a0s. calBC, livrant des sites de r\u00e9duction du fer aux technologies vari\u00e9es, et au moins un site d&#8217;habitat en lien. L&#8217;\u00e9tude de ces sites nous permet de donner des informations inexistantes jusqu\u2019alors sur le contexte de l&#8217;\u00e9mergence de la m\u00e9tallurgie du fer dans cette partie de l&#8217;Afrique et sur l&#8217;\u00e9volution complexe de sa technologie.<\/p>\n<p>4.\u00a0<i>Comprendre le r\u00f4le de la Fal\u00e9m\u00e9 pendant la p\u00e9riode des grands empires m\u00e9di\u00e9vaux<\/i>: la d\u00e9couverte exceptionnelle sur le site de Djoutoubaya, dat\u00e9 entre 800 et 1400 AD, de creusets destin\u00e9s \u00e0 la transformation de l&#8217;or jouxtant un b\u00e2timent quadrangulaire massif en briques \u00e9voquant les maisons-fortes des m\u00e9tropoles d&#8217;Afrique du Nord, relance la question du r\u00f4le des mines d&#8217;or du Bambouk dans les relations commerciales entre l&#8217;Afrique occidentale et le reste du Monde au Moyen-Age.<\/p>\n<p>L\u2019objectif du projet est d\u2019apporter des \u00e9clairages nouveaux sur plusieurs fen\u00eatres du pass\u00e9 africain \u00e0 partir de sites au potentiel informatif uniques et d\u2019une approche pluridisciplinaire \u00e9prouv\u00e9e depuis plus de 20 ans. L\u2019ensemble des travaux s\u2019effectue en coop\u00e9ration avec l\u2019Institut Fondamental d\u2019Afrique Noire (IFAN) de l\u2019Universit\u00e9 Cheikh Anta Diop de Dakar (UCAD), selon une convention renouvel\u00e9e en 2018, ainsi qu&#8217;avec le Mus\u00e9e des Civilisations Noires (MCN) de Dakar. La collaboration \u00e9troite entre partenaires europ\u00e9ens et africains, pour la fouille, la valorisation des r\u00e9sultats et la formation, assure que les r\u00e9sultats escompt\u00e9s serviront de r\u00e9f\u00e9rence dans les diff\u00e9rents domaines abord\u00e9s.<\/p>\n<p>Le projet actuel, comme ceux men\u00e9s en Afrique de l\u2019Ouest depuis 1988 par l\u2019Universit\u00e9 de Gen\u00e8ve, est financ\u00e9 par la Fondation Suisse-Liechtenstein pour les recherches arch\u00e9ologiques \u00e0 l\u2019\u00e9tranger (SLSA) et par le Fonds national suisse de la recherche scientifique (FNS).[\/vc_column_text][\/vc_column][vc_column column_padding=&#8221;no-extra-padding&#8221; column_padding_tablet=&#8221;inherit&#8221; column_padding_phone=&#8221;inherit&#8221; column_padding_position=&#8221;all&#8221; column_element_direction_desktop=&#8221;default&#8221; column_element_spacing=&#8221;default&#8221; desktop_text_alignment=&#8221;default&#8221; tablet_text_alignment=&#8221;default&#8221; phone_text_alignment=&#8221;default&#8221; background_color_opacity=&#8221;1&#8243; background_hover_color_opacity=&#8221;1&#8243; column_backdrop_filter=&#8221;none&#8221; column_shadow=&#8221;none&#8221; column_border_radius=&#8221;none&#8221; column_link_target=&#8221;_self&#8221; column_position=&#8221;default&#8221; gradient_direction=&#8221;left_to_right&#8221; overlay_strength=&#8221;0.3&#8243; width=&#8221;1\/3&#8243; tablet_width_inherit=&#8221;default&#8221; animation_type=&#8221;default&#8221; bg_image_animation=&#8221;none&#8221; border_type=&#8221;simple&#8221; column_border_width=&#8221;none&#8221; column_border_style=&#8221;solid&#8221;][vc_row_inner column_margin=&#8221;default&#8221; column_direction=&#8221;default&#8221; column_direction_tablet=&#8221;default&#8221; column_direction_phone=&#8221;default&#8221; text_align=&#8221;left&#8221; row_position=&#8221;default&#8221; row_position_tablet=&#8221;inherit&#8221; row_position_phone=&#8221;inherit&#8221; overflow=&#8221;visible&#8221; pointer_events=&#8221;all&#8221;][vc_column_inner column_padding=&#8221;no-extra-padding&#8221; column_padding_tablet=&#8221;inherit&#8221; column_padding_phone=&#8221;inherit&#8221; column_padding_position=&#8221;all&#8221; column_element_direction_desktop=&#8221;default&#8221; column_element_spacing=&#8221;default&#8221; desktop_text_alignment=&#8221;default&#8221; tablet_text_alignment=&#8221;default&#8221; phone_text_alignment=&#8221;default&#8221; background_color_opacity=&#8221;1&#8243; background_hover_color_opacity=&#8221;1&#8243; column_backdrop_filter=&#8221;none&#8221; column_shadow=&#8221;none&#8221; column_border_radius=&#8221;none&#8221; column_link_target=&#8221;_self&#8221; overflow=&#8221;visible&#8221; gradient_direction=&#8221;left_to_right&#8221; overlay_strength=&#8221;0.3&#8243; width=&#8221;1\/4&#8243; tablet_width_inherit=&#8221;default&#8221; animation_type=&#8221;default&#8221; bg_image_animation=&#8221;none&#8221; border_type=&#8221;simple&#8221; column_border_width=&#8221;none&#8221; column_border_style=&#8221;solid&#8221;][\/vc_column_inner][vc_column_inner column_padding=&#8221;no-extra-padding&#8221; column_padding_tablet=&#8221;inherit&#8221; column_padding_phone=&#8221;inherit&#8221; column_padding_position=&#8221;all&#8221; column_element_direction_desktop=&#8221;default&#8221; column_element_spacing=&#8221;default&#8221; desktop_text_alignment=&#8221;default&#8221; tablet_text_alignment=&#8221;default&#8221; phone_text_alignment=&#8221;default&#8221; background_color_opacity=&#8221;1&#8243; background_hover_color_opacity=&#8221;1&#8243; column_backdrop_filter=&#8221;none&#8221; column_shadow=&#8221;none&#8221; column_border_radius=&#8221;none&#8221; column_link_target=&#8221;_self&#8221; overflow=&#8221;visible&#8221; gradient_direction=&#8221;left_to_right&#8221; overlay_strength=&#8221;0.3&#8243; width=&#8221;3\/4&#8243; tablet_width_inherit=&#8221;default&#8221; animation_type=&#8221;default&#8221; bg_image_animation=&#8221;none&#8221; border_type=&#8221;simple&#8221; column_border_width=&#8221;none&#8221; column_border_style=&#8221;solid&#8221;][vc_column_text]<strong>Contact:<\/strong><br \/>\n<a href=\"mailto:Eric.Huysecom@unige.ch\">Prof. Eric Huysecom<\/a>, Directeur du projet<br \/>\n<a href=\"mailto:Anne.Mayor@unige.ch\">Dr. Anne Mayor<\/a>, Ma\u00eetre d&#8217;enseignement et de recherche, co-requ\u00e9rante<br \/>\n<a href=\"mailto:Katja.Douze@unige.ch\">Dr. Katja Douze<\/a>, Adjointe scientifique III, collaboratrice scientifique II<\/p>\n<p>D\u00e9partement d\u2019Anthropologie de Universit\u00e9 de Gen\u00e8ve<br \/>\nLaboratoire Arch\u00e9ologie et Peuplement de l\u2019Afrique (APA)<br \/>\n30, quai Ernest-Ansermet<br \/>\n1205 Gen\u00e8ve<\/p>\n<p><a href=\"http:\/\/www.ounjougou.org\" target=\"_blank\" rel=\"noopener\">http:\/\/www.ounjougou.org<\/a>[\/vc_column_text][\/vc_column_inner][\/vc_row_inner][divider line_type=&#8221;No Line&#8221; custom_height=&#8221;20&#8243;][vc_row_inner column_margin=&#8221;default&#8221; column_direction=&#8221;default&#8221; column_direction_tablet=&#8221;default&#8221; column_direction_phone=&#8221;default&#8221; text_align=&#8221;left&#8221; row_position=&#8221;default&#8221; row_position_tablet=&#8221;inherit&#8221; row_position_phone=&#8221;inherit&#8221; overflow=&#8221;visible&#8221; pointer_events=&#8221;all&#8221;][vc_column_inner column_padding=&#8221;no-extra-padding&#8221; column_padding_tablet=&#8221;inherit&#8221; column_padding_phone=&#8221;inherit&#8221; column_padding_position=&#8221;all&#8221; column_element_direction_desktop=&#8221;default&#8221; column_element_spacing=&#8221;default&#8221; desktop_text_alignment=&#8221;default&#8221; tablet_text_alignment=&#8221;default&#8221; phone_text_alignment=&#8221;default&#8221; background_color_opacity=&#8221;1&#8243; background_hover_color_opacity=&#8221;1&#8243; column_backdrop_filter=&#8221;none&#8221; column_shadow=&#8221;none&#8221; column_border_radius=&#8221;none&#8221; column_link_target=&#8221;_self&#8221; overflow=&#8221;visible&#8221; gradient_direction=&#8221;left_to_right&#8221; overlay_strength=&#8221;0.3&#8243; width=&#8221;1\/4&#8243; tablet_width_inherit=&#8221;default&#8221; animation_type=&#8221;default&#8221; bg_image_animation=&#8221;none&#8221; border_type=&#8221;simple&#8221; column_border_width=&#8221;none&#8221; column_border_style=&#8221;solid&#8221;][\/vc_column_inner][vc_column_inner column_padding=&#8221;no-extra-padding&#8221; column_padding_tablet=&#8221;inherit&#8221; column_padding_phone=&#8221;inherit&#8221; column_padding_position=&#8221;all&#8221; column_element_direction_desktop=&#8221;default&#8221; column_element_spacing=&#8221;default&#8221; desktop_text_alignment=&#8221;default&#8221; tablet_text_alignment=&#8221;default&#8221; phone_text_alignment=&#8221;default&#8221; background_color_opacity=&#8221;1&#8243; background_hover_color_opacity=&#8221;1&#8243; column_backdrop_filter=&#8221;none&#8221; column_shadow=&#8221;none&#8221; column_border_radius=&#8221;none&#8221; column_link_target=&#8221;_self&#8221; overflow=&#8221;visible&#8221; gradient_direction=&#8221;left_to_right&#8221; overlay_strength=&#8221;0.3&#8243; width=&#8221;3\/4&#8243; tablet_width_inherit=&#8221;default&#8221; animation_type=&#8221;default&#8221; bg_image_animation=&#8221;none&#8221; border_type=&#8221;simple&#8221; column_border_width=&#8221;none&#8221; column_border_style=&#8221;solid&#8221;][vc_column_text]<a title=\"S\u00e9n\u00e9gal Rapport Annuel 2018 (low)\" href=\"\/wp-content\/uploads\/2019\/09\/slsa_jb2018p_185-266_senegal_low.pdf\" target=\"_blank\" rel=\"noopener\">PDF 2018 (low)<\/a> |\u00a0<a title=\"S\u00e9n\u00e9gal Rapport Annuel 2018 (high)\" href=\"\/wp-content\/uploads\/2019\/09\/slsa_jb2018p_185-266_senegal_high.pdf\" target=\"_blank\" rel=\"noopener\">(high)<\/a><br \/>\n<a title=\"S\u00e9n\u00e9gal Rapport Annuel 2017 (low)\" href=\"\/wp-content\/uploads\/2019\/09\/slsa_jb2017p157-256_senegal_low.pdf\" target=\"_blank\" rel=\"noopener\">PDF 2017 (low)<\/a> | <a title=\"S\u00e9n\u00e9gal Rapport Annuel 2017 (high)\" href=\"\/wp-content\/uploads\/2019\/09\/slsa_jb2017p157-256_senegal_high.pdf\" target=\"_blank\" rel=\"noopener\">(high)<\/a><br \/>\n<a title=\"S\u00e9n\u00e9gal Rapport Annuel 2016\" href=\"\/wp-content\/uploads\/2019\/09\/slsa_jb2016p109-208_senegal.pdf\" target=\"_blank\" rel=\"noopener\">PDF 2016<\/a><br \/>\n<a title=\"S\u00e9n\u00e9gal Rapport Annuel 2015\" href=\"\/wp-content\/uploads\/2019\/09\/slsa_jb2015p103-160_senegal.pdf\" target=\"_blank\" rel=\"noopener\">PDF 2015<\/a><br \/>\n<a title=\"S\u00e9n\u00e9gal Rapport Annuel 2014\" href=\"\/wp-content\/uploads\/2015\/07\/04_Senegal_14.pdf\" target=\"_blank\" rel=\"noopener\">PDF 2014<\/a><br \/>\n<a title=\"S\u00e9n\u00e9gal Rapport Annuel 2013\" href=\"\/wp-content\/uploads\/2014\/07\/SLSA_Senegal13.pdf\" target=\"_blank\" rel=\"noopener\">PDF 2013<\/a><br \/>\n<a title=\"S\u00e9n\u00e9gal Rapport Annuel 2012\" href=\"\/wp-content\/uploads\/2014\/05\/SenegalF_12.pdf\" target=\"_blank\" rel=\"noopener\">PDF 2012<\/a><br \/>\n<a title=\"S\u00e9n\u00e9gal Rapport Annuel 2011\" href=\"\/wp-content\/uploads\/2014\/09\/Mali_1805.pdf\" target=\"_blank\" rel=\"noopener\">PDF 2011<\/a>[\/vc_column_text][\/vc_column_inner][\/vc_row_inner][\/vc_column][\/vc_row]\n","protected":false},"excerpt":{"rendered":"<p>[vc_row type=&#8221;in_container&#8221; full_screen_row_position=&#8221;middle&#8221; column_margin=&#8221;default&#8221; column_direction=&#8221;default&#8221; column_direction_tablet=&#8221;default&#8221; column_direction_phone=&#8221;default&#8221; scene_position=&#8221;center&#8221; top_padding=&#8221;45&#8243; text_color=&#8221;dark&#8221; text_align=&#8221;left&#8221; row_border_radius=&#8221;none&#8221; row_border_radius_applies=&#8221;bg&#8221; overflow=&#8221;visible&#8221; overlay_strength=&#8221;0.3&#8243; gradient_direction=&#8221;left_to_right&#8221; shape_divider_position=&#8221;bottom&#8221; bg_image_animation=&#8221;none&#8221;][vc_column column_padding=&#8221;no-extra-padding&#8221; column_padding_tablet=&#8221;inherit&#8221; column_padding_phone=&#8221;inherit&#8221; column_padding_position=&#8221;all&#8221; column_element_direction_desktop=&#8221;default&#8221; column_element_spacing=&#8221;default&#8221; desktop_text_alignment=&#8221;default&#8221; tablet_text_alignment=&#8221;default&#8221; phone_text_alignment=&#8221;default&#8221; background_color_opacity=&#8221;1&#8243; background_hover_color_opacity=&#8221;1&#8243; column_backdrop_filter=&#8221;none&#8221;&#8230;<\/p>\n","protected":false},"author":1,"featured_media":0,"parent":2241,"menu_order":1,"comment_status":"open","ping_status":"open","template":"","meta":{"footnotes":""},"class_list":["post-2716","page","type-page","status-publish"],"_links":{"self":[{"href":"https:\/\/slsa.ch\/en\/wp-json\/wp\/v2\/pages\/2716","targetHints":{"allow":["GET"]}}],"collection":[{"href":"https:\/\/slsa.ch\/en\/wp-json\/wp\/v2\/pages"}],"about":[{"href":"https:\/\/slsa.ch\/en\/wp-json\/wp\/v2\/types\/page"}],"author":[{"embeddable":true,"href":"https:\/\/slsa.ch\/en\/wp-json\/wp\/v2\/users\/1"}],"replies":[{"embeddable":true,"href":"https:\/\/slsa.ch\/en\/wp-json\/wp\/v2\/comments?post=2716"}],"version-history":[{"count":2,"href":"https:\/\/slsa.ch\/en\/wp-json\/wp\/v2\/pages\/2716\/revisions"}],"predecessor-version":[{"id":7748,"href":"https:\/\/slsa.ch\/en\/wp-json\/wp\/v2\/pages\/2716\/revisions\/7748"}],"up":[{"embeddable":true,"href":"https:\/\/slsa.ch\/en\/wp-json\/wp\/v2\/pages\/2241"}],"wp:attachment":[{"href":"https:\/\/slsa.ch\/en\/wp-json\/wp\/v2\/media?parent=2716"}],"curies":[{"name":"wp","href":"https:\/\/api.w.org\/{rel}","templated":true}]}}