{"id":2263,"date":"2014-03-04T16:39:08","date_gmt":"2014-03-04T15:39:08","guid":{"rendered":"http:\/\/www.slsa.ch\/?page_id=2263"},"modified":"2025-12-23T16:53:56","modified_gmt":"2025-12-23T15:53:56","slug":"publications","status":"publish","type":"page","link":"https:\/\/slsa.ch\/en\/publications\/","title":{"rendered":"Publications"},"content":{"rendered":"[vc_row type=&#8221;full_width_background&#8221; full_screen_row_position=&#8221;middle&#8221; column_margin=&#8221;default&#8221; column_direction=&#8221;default&#8221; column_direction_tablet=&#8221;default&#8221; column_direction_phone=&#8221;default&#8221; bg_color=&#8221;#ffffff&#8221; scene_position=&#8221;center&#8221; top_padding=&#8221;85&#8243; text_color=&#8221;dark&#8221; text_align=&#8221;left&#8221; row_border_radius=&#8221;none&#8221; row_border_radius_applies=&#8221;bg&#8221; overflow=&#8221;visible&#8221; overlay_strength=&#8221;0.3&#8243; gradient_direction=&#8221;left_to_right&#8221; shape_divider_position=&#8221;bottom&#8221; bg_image_animation=&#8221;none&#8221;][vc_column column_padding=&#8221;no-extra-padding&#8221; column_padding_tablet=&#8221;inherit&#8221; column_padding_phone=&#8221;inherit&#8221; column_padding_position=&#8221;all&#8221; column_element_direction_desktop=&#8221;default&#8221; column_element_spacing=&#8221;default&#8221; desktop_text_alignment=&#8221;default&#8221; tablet_text_alignment=&#8221;default&#8221; phone_text_alignment=&#8221;default&#8221; background_color_opacity=&#8221;1&#8243; background_hover_color_opacity=&#8221;1&#8243; column_backdrop_filter=&#8221;none&#8221; column_shadow=&#8221;none&#8221; column_border_radius=&#8221;none&#8221; column_link_target=&#8221;_self&#8221; column_position=&#8221;default&#8221; gradient_direction=&#8221;left_to_right&#8221; overlay_strength=&#8221;0.3&#8243; width=&#8221;1\/1&#8243; tablet_width_inherit=&#8221;default&#8221; animation_type=&#8221;default&#8221; enable_animation=&#8221;true&#8221; animation=&#8221;fade-in&#8221; animation_easing=&#8221;default&#8221; bg_image_animation=&#8221;none&#8221; border_type=&#8221;simple&#8221; column_border_width=&#8221;none&#8221; column_border_style=&#8221;solid&#8221;][vc_text_separator title=&#8221;PUBLICATIONS&#8221;][\/vc_column][\/vc_row][full_width_section background_color=&#8221;#ffffff&#8221; text_color=&#8221;custom&#8221; custom_text_color=&#8221;#515151&#8243; top_padding=&#8221;65&#8243; bottom_padding=&#8221;25&#8243;][vc_column column_padding=&#8221;no-extra-padding&#8221; column_padding_tablet=&#8221;inherit&#8221; column_padding_phone=&#8221;inherit&#8221; column_padding_position=&#8221;all&#8221; column_element_direction_desktop=&#8221;default&#8221; column_element_spacing=&#8221;default&#8221; desktop_text_alignment=&#8221;default&#8221; tablet_text_alignment=&#8221;default&#8221; phone_text_alignment=&#8221;default&#8221; background_color_opacity=&#8221;1&#8243; background_hover_color_opacity=&#8221;1&#8243; column_backdrop_filter=&#8221;none&#8221; column_shadow=&#8221;none&#8221; column_border_radius=&#8221;none&#8221; column_link_target=&#8221;_self&#8221; column_position=&#8221;default&#8221; gradient_direction=&#8221;left_to_right&#8221; overlay_strength=&#8221;0.3&#8243; width=&#8221;1\/4&#8243; tablet_width_inherit=&#8221;default&#8221; animation_type=&#8221;default&#8221; bg_image_animation=&#8221;none&#8221; border_type=&#8221;simple&#8221; column_border_width=&#8221;none&#8221; column_border_style=&#8221;solid&#8221;][image_with_animation image_url=&#8221;3873&#8243; image_size=&#8221;full&#8221; animation_type=&#8221;entrance&#8221; animation=&#8221;Fade In&#8221; animation_easing=&#8221;default&#8221; animation_movement_type=&#8221;transform_y&#8221; hover_animation=&#8221;none&#8221; alignment=&#8221;center&#8221; border_radius=&#8221;none&#8221; box_shadow=&#8221;none&#8221; image_loading=&#8221;default&#8221; max_width=&#8221;100%&#8221; max_width_mobile=&#8221;default&#8221;][\/vc_column][vc_column column_padding=&#8221;no-extra-padding&#8221; column_padding_tablet=&#8221;inherit&#8221; column_padding_phone=&#8221;inherit&#8221; column_padding_position=&#8221;all&#8221; column_element_direction_desktop=&#8221;default&#8221; column_element_spacing=&#8221;default&#8221; desktop_text_alignment=&#8221;default&#8221; tablet_text_alignment=&#8221;default&#8221; phone_text_alignment=&#8221;default&#8221; background_color_opacity=&#8221;1&#8243; background_hover_color_opacity=&#8221;1&#8243; column_backdrop_filter=&#8221;none&#8221; column_shadow=&#8221;none&#8221; column_border_radius=&#8221;none&#8221; column_link_target=&#8221;_self&#8221; column_position=&#8221;default&#8221; gradient_direction=&#8221;left_to_right&#8221; overlay_strength=&#8221;0.3&#8243; width=&#8221;1\/2&#8243; tablet_width_inherit=&#8221;default&#8221; animation_type=&#8221;default&#8221; enable_animation=&#8221;true&#8221; animation=&#8221;fade-in&#8221; animation_easing=&#8221;default&#8221; bg_image_animation=&#8221;none&#8221; border_type=&#8221;simple&#8221; column_border_width=&#8221;none&#8221; column_border_style=&#8221;solid&#8221;][vc_column_text]Since its foundation in 1986, the SLSA publishes the corporate results as well as the state of its archaeological projects. Almost all editions of the annual reports are still in stock and can be ordered from the Secretary General\u2019s office (postal costs must be paid).<\/p>\n<p>Along with the annual report, the SLSA also created a monograph series under the title \u00abTerra Archaeologica\u00bb together with the publishing house Philipp von Zabern, Mainz and the Swiss National Funds. Until now, the following titles have been published (A4, hardback, book jacket):<\/p>\n<p>&nbsp;<\/p>\n<table border=\"0\" width=\"100%\" cellspacing=\"0\" cellpadding=\"0\">\n<tbody>\n<tr>\n<td><\/td>\n<td nowrap=\"nowrap\">Band 1<\/td>\n<td><\/td>\n<td><b>1996<\/b><br \/>\nCORBOUD, P., CASTELLA, A.-C., HAPKA, R., IM OBERSTEG, P.<br \/>\n<b>Les tombes protohistoriques de Bithnah<br \/>\nFujairah, Emirats Arabes Unis<\/b><br \/>\nISBN 3-8053-1737-9<\/td>\n<\/tr>\n<tr>\n<td height=\"1\"><\/td>\n<\/tr>\n<tr>\n<td><\/td>\n<td nowrap=\"nowrap\">Band 2<\/td>\n<td><\/td>\n<td><b>1996<\/b><br \/>\nBIGNASCA A., DESSE-BERSET N., FELLMANN BROGLI R., GLUTZ R., KARG S., KELLER D., KOLB B.<br \/>\net al. Petra ez Zantur I.<br \/>\n<b>Ergebnisse der Schweizerisch-Liechtensteinischen Ausgrabungen 1988 \u2013 1992<\/b><br \/>\nISBN 3-8053-1749-2<\/td>\n<\/tr>\n<tr>\n<td height=\"1\"><\/td>\n<\/tr>\n<tr>\n<td><\/td>\n<td nowrap=\"nowrap\">Band 3<\/td>\n<td><\/td>\n<td><b>1998<\/b><br \/>\nGALLAY A., HUYSECOM E., MAYOR A.<br \/>\n<b>Peuples et c\u00e9ramiques du Delta int\u00e9rieur du Niger (Mali)<br \/>\nUn bilan de cinq ann\u00e9es de missions (1988 \u2013 1993)<\/b><br \/>\nISBN 3-8053-1748-4<\/td>\n<\/tr>\n<tr>\n<td height=\"1\"><\/td>\n<\/tr>\n<tr>\n<td><\/td>\n<td nowrap=\"nowrap\">Band 4<\/td>\n<td><\/td>\n<td><b>2000<\/b><br \/>\nSCHMID S. G., KOLB B.<br \/>\nPetra ez Zantur II<br \/>\n<b>Ergebnisse der Schweizerisch-Liechtensteinischen Ausgrabungen<\/b><br \/>\nTeil 1: Die Feinkeramik der Nabat\u00e4er. Typologie, Chronologie und kulturhistorische Hintergr\u00fcnde.<br \/>\nTeil 2: Die sp\u00e4tantiken Wohnbauten von ez Zantur in Petra und der Wohnhausbau in Pal\u00e4stina vom 4.-6. Jh. n. Chr.<br \/>\nISBN 3-8053-2712-9<\/td>\n<\/tr>\n<tr>\n<td height=\"1\"><\/td>\n<\/tr>\n<tr>\n<td><\/td>\n<td nowrap=\"nowrap\">Band 5<\/td>\n<td><\/td>\n<td><b>2006<\/b><br \/>\nKELLER D., GRAWEHR M.<br \/>\nPetra ex Zantur III<br \/>\n<strong>Ergebnisse der Schweizerisch-Liechtensteinischen Ausgrabungen<br \/>\n<\/strong>Teil 1: Die Gl\u00e4ser aus Petra<br \/>\nTeil 2: Die Lampen der Grabungen auf ez Zantur in Petra<br \/>\nISBN-10: 3-8053-3579-9<br \/>\nISBN-13: 978-3-8053-3579-9<\/td>\n<\/tr>\n<tr>\n<td height=\"1\"><\/td>\n<\/tr>\n<tr>\n<td><\/td>\n<td nowrap=\"nowrap\">Band 6<\/td>\n<td><\/td>\n<td><b>2008<\/b><br \/>\nGUILLAUME-GENTIL N.<br \/>\n<strong>Cinq mille ans d&#8217;histoire au pied des volcans en Equateur<br \/>\n<\/strong>ISBN 978-2-88474-147-7<\/td>\n<\/tr>\n<tr>\n<td height=\"1\"><\/td>\n<\/tr>\n<tr>\n<td height=\"1\"><\/td>\n<\/tr>\n<tr>\n<td height=\"1\"><\/td>\n<\/tr>\n<tr>\n<td><\/td>\n<td nowrap=\"nowrap\">Band 7<\/td>\n<td><\/td>\n<td><b>2013<\/b><br \/>\nRAMSEYER, D.<br \/>\n<strong>L&#8217;habitat Xiongnu de Boroo Gol. Recherches arch\u00e9ologiques en Mongolie (2003-2008)<br \/>\n<\/strong>ISBN 978-2-88474-274-0<\/td>\n<\/tr>\n<tr>\n<td height=\"1\"><\/td>\n<\/tr>\n<\/tbody>\n<\/table>\n<p>Die B\u00e4nde 1 bis 4 sind nicht mehr erh\u00e4ltlich. Band 5 k\u00f6nnen Sie direkt beim Verlag unter\u00a0<a href=\"http:\/\/www.zabern.de\/\" target=\"_blank\" rel=\"noopener\">www.zabern.de<\/a>\u00a0und Band 6 unter\u00a0<a href=\"https:\/\/www.infolio.ch\/livre\/cinq-mille-ans-d%E2%80%99histoire-au-pied-des-volcans-en-equateur.htm?from_search=4dd242503b1134.43616652\" target=\"_blank\" rel=\"noopener\">www.infolio.ch<\/a>\u00a0bestellen.<\/p>\n<p>Weitere Publikationen im Anschluss an Symposien der SLSA:<\/p>\n<table border=\"0\" width=\"100%\" cellspacing=\"0\" cellpadding=\"0\">\n<tbody>\n<tr>\n<td><\/td>\n<td nowrap=\"nowrap\"><\/td>\n<td><\/td>\n<td><b>2000<\/b><br \/>\nBONNET Ch. (Hrsg.)<br \/>\n<strong>Sauvegarde et Conservation du Patrimoine Arch\u00e9ologique<\/strong><br \/>\nISBN 3-9521511-3-0<\/td>\n<\/tr>\n<tr>\n<td height=\"1\"><\/td>\n<\/tr>\n<tr>\n<td><\/td>\n<td nowrap=\"nowrap\"><\/td>\n<td><\/td>\n<td><b>1997<\/b><br \/>\nSITTER-LIVER B., UEHLINGER Ch.<br \/>\n<b>Partnership in Archaeology. Perspectives of a Cross-Cultural Dialogue<\/b><br \/>\nPaulusdruckerei Freiburg Schweiz.<br \/>\nISBN 2-8271-0773-2 (nur noch wenige Exemplare).<\/td>\n<\/tr>\n<tr>\n<td height=\"1\"><\/td>\n<\/tr>\n<tr>\n<td height=\"15\"><\/td>\n<\/tr>\n<\/tbody>\n<\/table>\n<p>These brochures can also be ordered from the Secretary General\u2019s office (postal costs must be paid, they are available as long as stocks last).[\/vc_column_text][\/vc_column][vc_column column_padding=&#8221;no-extra-padding&#8221; column_padding_tablet=&#8221;inherit&#8221; column_padding_phone=&#8221;inherit&#8221; column_padding_position=&#8221;all&#8221; column_element_direction_desktop=&#8221;default&#8221; column_element_spacing=&#8221;default&#8221; desktop_text_alignment=&#8221;default&#8221; tablet_text_alignment=&#8221;default&#8221; phone_text_alignment=&#8221;default&#8221; background_color_opacity=&#8221;1&#8243; background_hover_color_opacity=&#8221;1&#8243; column_backdrop_filter=&#8221;none&#8221; column_shadow=&#8221;none&#8221; column_border_radius=&#8221;none&#8221; column_link_target=&#8221;_self&#8221; column_position=&#8221;default&#8221; gradient_direction=&#8221;left_to_right&#8221; overlay_strength=&#8221;0.3&#8243; width=&#8221;1\/4&#8243; tablet_width_inherit=&#8221;default&#8221; animation_type=&#8221;default&#8221; bg_image_animation=&#8221;none&#8221; border_type=&#8221;simple&#8221; column_border_width=&#8221;none&#8221; column_border_style=&#8221;solid&#8221;][vc_column_text css=&#8221;&#8221; text_direction=&#8221;default&#8221;]<strong>Annual Reports:\u00a0<\/strong><\/p>\n<p><a href=\"https:\/\/slsa.ch\/wp-content\/uploads\/2025\/12\/SLSA-Annual-Report-2024-high-res.pdf\">SLSA Annual Report 2024 (high-res, 100 MB)<\/a><br \/>\n<a href=\"https:\/\/slsa.ch\/wp-content\/uploads\/2025\/12\/SLSA-Annual-Report-2024-low-res.pdf\">SLSA Annual Report 2024 (low-res, 31 MB)<\/a><\/p>\n<p><a href=\"https:\/\/slsa.ch\/wp-content\/uploads\/2024\/12\/slsa_jb-2023.pdf\">Annual Report 2023 (42 MB)<\/a><br \/>\n<a title=\"Annual Report 2022\" href=\"https:\/\/www.mydrive.ch\/shares\/99707\/0861cae308b766cfb0d496a35149e728\/browse\" target=\"_blank\" rel=\"noopener\">Annual Report 2022 (22 MB)<\/a><br \/>\n<a title=\"Annual Report 2021\" href=\"https:\/\/www.mydrive.ch\/shares\/99708\/410200e6a94a59c4bbf9adf8e0bc4e35\/browse\" target=\"_blank\" rel=\"noopener\">Annual Report 2021 (21 MB)<\/a><br \/>\n<a title=\"Annual Report 2020\" href=\"https:\/\/www.mydrive.ch\/shares\/99709\/72293fd8e29ba16d8ed05bbc7f13a27c\/browse\" target=\"_blank\" rel=\"noopener\">Annual Report 2020 (42 MB)<\/a><br \/>\n<a title=\"Annual Report 2018\" href=\"\/wp-content\/uploads\/2019\/09\/slsa_jb2018_low.pdf\" target=\"_blank\" rel=\"noopener\">Annual Report 2018 (28 MB)<\/a><br \/>\n<a title=\"Annual Report 2017\" href=\"\/wp-content\/uploads\/2018\/08\/SLSA_2017_JB_low.pdf\" target=\"_blank\" rel=\"noopener\">Annual Report 2017<\/a><br \/>\n<a title=\"Annual Report 2016\" href=\"\/wp-content\/uploads\/2017\/09\/SLSA_2016_JB.pdf\" target=\"_blank\" rel=\"noopener\">Annual Report 2016<\/a><br \/>\n<a title=\"Annual Report 2015\" href=\"\/wp-content\/uploads\/2017\/09\/SLSA_2015_AnRep.pdf\" target=\"_blank\" rel=\"noopener\">Annual Report 2015<\/a><br \/>\n<a title=\"Annual Report 2014\" href=\"\/wp-content\/uploads\/2015\/07\/SLSA_JB_2014_low.pdf\" target=\"_blank\" rel=\"noopener\">Annual Report 2014<\/a><br \/>\n<a title=\"Annual Report 2013\" href=\"\/wp-content\/uploads\/2014\/07\/SLSA_Rep13_low.pdf\" target=\"_blank\" rel=\"noopener\">Annual Report 2013<\/a><\/p>\n<p><strong>Supplement<\/strong><\/p>\n<p><a href=\"https:\/\/slsa.ch\/wp-content\/uploads\/2024\/12\/slsa_jb2023_p141-156_marokko-salzmaenner.pdf\">Annual Report 2023, Reitmaier et al. (Salzm\u00e4nner), <em>with attached colour plate<\/em><\/a>[\/vc_column_text][\/vc_column][\/full_width_section][full_width_section background_color=&#8221;#2c4b79&#8243; text_color=&#8221;light&#8221; top_padding=&#8221;110&#8243; bottom_padding=&#8221;110&#8243;][vc_column column_padding=&#8221;no-extra-padding&#8221; column_padding_tablet=&#8221;inherit&#8221; column_padding_phone=&#8221;inherit&#8221; column_padding_position=&#8221;all&#8221; column_element_direction_desktop=&#8221;default&#8221; column_element_spacing=&#8221;default&#8221; desktop_text_alignment=&#8221;default&#8221; tablet_text_alignment=&#8221;default&#8221; phone_text_alignment=&#8221;default&#8221; background_color_opacity=&#8221;1&#8243; background_hover_color_opacity=&#8221;1&#8243; column_backdrop_filter=&#8221;none&#8221; column_shadow=&#8221;none&#8221; column_border_radius=&#8221;none&#8221; column_link_target=&#8221;_self&#8221; column_position=&#8221;default&#8221; gradient_direction=&#8221;left_to_right&#8221; overlay_strength=&#8221;0.3&#8243; width=&#8221;1\/1&#8243; tablet_width_inherit=&#8221;default&#8221; animation_type=&#8221;default&#8221; enable_animation=&#8221;true&#8221; animation=&#8221;fade-in&#8221; animation_easing=&#8221;default&#8221; bg_image_animation=&#8221;none&#8221; border_type=&#8221;simple&#8221; column_border_width=&#8221;none&#8221; column_border_style=&#8221;solid&#8221;][vc_text_separator title=&#8221;Archaeology provides the basis for understanding human culture.&#8221;][\/vc_column][\/full_width_section]\n","protected":false},"excerpt":{"rendered":"<p>[vc_row type=&#8221;full_width_background&#8221; full_screen_row_position=&#8221;middle&#8221; column_margin=&#8221;default&#8221; column_direction=&#8221;default&#8221; column_direction_tablet=&#8221;default&#8221; column_direction_phone=&#8221;default&#8221; bg_color=&#8221;#ffffff&#8221; scene_position=&#8221;center&#8221; top_padding=&#8221;85&#8243; text_color=&#8221;dark&#8221; text_align=&#8221;left&#8221; row_border_radius=&#8221;none&#8221; row_border_radius_applies=&#8221;bg&#8221; overflow=&#8221;visible&#8221; overlay_strength=&#8221;0.3&#8243; gradient_direction=&#8221;left_to_right&#8221; shape_divider_position=&#8221;bottom&#8221; bg_image_animation=&#8221;none&#8221;][vc_column column_padding=&#8221;no-extra-padding&#8221; column_padding_tablet=&#8221;inherit&#8221; column_padding_phone=&#8221;inherit&#8221; column_padding_position=&#8221;all&#8221; column_element_direction_desktop=&#8221;default&#8221; column_element_spacing=&#8221;default&#8221; desktop_text_alignment=&#8221;default&#8221; tablet_text_alignment=&#8221;default&#8221; phone_text_alignment=&#8221;default&#8221; background_color_opacity=&#8221;1&#8243; background_hover_color_opacity=&#8221;1&#8243;&#8230;<\/p>\n","protected":false},"author":2,"featured_media":0,"parent":0,"menu_order":16,"comment_status":"open","ping_status":"closed","template":"","meta":{"footnotes":""},"class_list":["post-2263","page","type-page","status-publish"],"_links":{"self":[{"href":"https:\/\/slsa.ch\/en\/wp-json\/wp\/v2\/pages\/2263","targetHints":{"allow":["GET"]}}],"collection":[{"href":"https:\/\/slsa.ch\/en\/wp-json\/wp\/v2\/pages"}],"about":[{"href":"https:\/\/slsa.ch\/en\/wp-json\/wp\/v2\/types\/page"}],"author":[{"embeddable":true,"href":"https:\/\/slsa.ch\/en\/wp-json\/wp\/v2\/users\/2"}],"replies":[{"embeddable":true,"href":"https:\/\/slsa.ch\/en\/wp-json\/wp\/v2\/comments?post=2263"}],"version-history":[{"count":5,"href":"https:\/\/slsa.ch\/en\/wp-json\/wp\/v2\/pages\/2263\/revisions"}],"predecessor-version":[{"id":7892,"href":"https:\/\/slsa.ch\/en\/wp-json\/wp\/v2\/pages\/2263\/revisions\/7892"}],"wp:attachment":[{"href":"https:\/\/slsa.ch\/en\/wp-json\/wp\/v2\/media?parent=2263"}],"curies":[{"name":"wp","href":"https:\/\/api.w.org\/{rel}","templated":true}]}}