{"id":2241,"date":"2014-03-04T16:22:40","date_gmt":"2014-03-04T15:22:40","guid":{"rendered":"http:\/\/www.slsa.ch\/?page_id=2241"},"modified":"2024-10-09T10:07:26","modified_gmt":"2024-10-09T08:07:26","slug":"current-projects","status":"publish","type":"page","link":"https:\/\/slsa.ch\/en\/projects\/current-projects\/","title":{"rendered":"Current projects"},"content":{"rendered":"[vc_row type=&#8221;full_width_background&#8221; full_screen_row_position=&#8221;middle&#8221; column_margin=&#8221;default&#8221; column_direction=&#8221;default&#8221; column_direction_tablet=&#8221;default&#8221; column_direction_phone=&#8221;default&#8221; bg_color=&#8221;#ffffff&#8221; scene_position=&#8221;center&#8221; top_padding=&#8221;110&#8243; bottom_padding=&#8221;25&#8243; text_color=&#8221;dark&#8221; text_align=&#8221;left&#8221; row_border_radius=&#8221;none&#8221; row_border_radius_applies=&#8221;bg&#8221; overflow=&#8221;visible&#8221; overlay_strength=&#8221;0.3&#8243; gradient_direction=&#8221;left_to_right&#8221; shape_divider_position=&#8221;bottom&#8221; bg_image_animation=&#8221;none&#8221;][vc_column column_padding=&#8221;no-extra-padding&#8221; column_padding_tablet=&#8221;inherit&#8221; column_padding_phone=&#8221;inherit&#8221; column_padding_position=&#8221;all&#8221; column_element_direction_desktop=&#8221;default&#8221; column_element_spacing=&#8221;default&#8221; desktop_text_alignment=&#8221;default&#8221; tablet_text_alignment=&#8221;default&#8221; phone_text_alignment=&#8221;default&#8221; background_color_opacity=&#8221;1&#8243; background_hover_color_opacity=&#8221;1&#8243; column_backdrop_filter=&#8221;none&#8221; column_shadow=&#8221;none&#8221; column_border_radius=&#8221;none&#8221; column_link_target=&#8221;_self&#8221; column_position=&#8221;default&#8221; gradient_direction=&#8221;left_to_right&#8221; overlay_strength=&#8221;0.3&#8243; width=&#8221;1\/1&#8243; tablet_width_inherit=&#8221;default&#8221; animation_type=&#8221;default&#8221; enable_animation=&#8221;true&#8221; animation=&#8221;fade-in&#8221; animation_easing=&#8221;default&#8221; bg_image_animation=&#8221;none&#8221; border_type=&#8221;simple&#8221; column_border_width=&#8221;none&#8221; column_border_style=&#8221;solid&#8221;][vc_text_separator title=&#8221;CURRENT PROJECTS&#8221;][\/vc_column][\/vc_row][full_width_section background_color=&#8221;#ffffff&#8221; text_color=&#8221;custom&#8221; custom_text_color=&#8221;#515151&#8243; top_padding=&#8221;30&#8243; bottom_padding=&#8221;30&#8243;][vc_column column_padding=&#8221;no-extra-padding&#8221; column_padding_tablet=&#8221;inherit&#8221; column_padding_phone=&#8221;inherit&#8221; column_padding_position=&#8221;all&#8221; column_element_direction_desktop=&#8221;default&#8221; column_element_spacing=&#8221;default&#8221; desktop_text_alignment=&#8221;default&#8221; tablet_text_alignment=&#8221;default&#8221; phone_text_alignment=&#8221;default&#8221; background_color_opacity=&#8221;1&#8243; background_hover_color_opacity=&#8221;1&#8243; column_backdrop_filter=&#8221;none&#8221; column_shadow=&#8221;none&#8221; column_border_radius=&#8221;none&#8221; column_link_target=&#8221;_self&#8221; column_position=&#8221;default&#8221; gradient_direction=&#8221;left_to_right&#8221; overlay_strength=&#8221;0.3&#8243; width=&#8221;1\/1&#8243; tablet_width_inherit=&#8221;default&#8221; animation_type=&#8221;default&#8221; enable_animation=&#8221;true&#8221; animation=&#8221;fade-in&#8221; animation_easing=&#8221;default&#8221; bg_image_animation=&#8221;none&#8221; border_type=&#8221;simple&#8221; column_border_width=&#8221;none&#8221; column_border_style=&#8221;solid&#8221;][vc_column_text]\n<p style=\"text-align: center;\">Currently, SLSA is conducting research Projects in Burkina Faso \/ Ivory Coast, Senegal, Bhutan, and Turkmenistan<\/p>\n[\/vc_column_text][\/vc_column][\/full_width_section][vc_row type=&#8221;full_width_background&#8221; full_screen_row_position=&#8221;middle&#8221; column_margin=&#8221;default&#8221; column_direction=&#8221;default&#8221; column_direction_tablet=&#8221;default&#8221; column_direction_phone=&#8221;default&#8221; bg_color=&#8221;#ffffff&#8221; scene_position=&#8221;center&#8221; top_padding=&#8221;20&#8243; bottom_padding=&#8221;30&#8243; text_color=&#8221;dark&#8221; text_align=&#8221;left&#8221; row_border_radius=&#8221;none&#8221; row_border_radius_applies=&#8221;bg&#8221; overflow=&#8221;visible&#8221; overlay_strength=&#8221;0.3&#8243; gradient_direction=&#8221;left_to_right&#8221; shape_divider_position=&#8221;bottom&#8221; bg_image_animation=&#8221;none&#8221; parallax_bg=&#8221;true&#8221; parallax_bg_speed=&#8221;fast&#8221;][vc_column column_padding=&#8221;no-extra-padding&#8221; column_padding_tablet=&#8221;inherit&#8221; column_padding_phone=&#8221;inherit&#8221; column_padding_position=&#8221;all&#8221; column_element_direction_desktop=&#8221;default&#8221; column_element_spacing=&#8221;default&#8221; desktop_text_alignment=&#8221;default&#8221; tablet_text_alignment=&#8221;default&#8221; phone_text_alignment=&#8221;default&#8221; background_color_opacity=&#8221;1&#8243; background_hover_color_opacity=&#8221;1&#8243; column_backdrop_filter=&#8221;none&#8221; column_shadow=&#8221;none&#8221; column_border_radius=&#8221;none&#8221; column_link_target=&#8221;_self&#8221; column_position=&#8221;default&#8221; gradient_direction=&#8221;left_to_right&#8221; overlay_strength=&#8221;0.3&#8243; width=&#8221;1\/2&#8243; tablet_width_inherit=&#8221;default&#8221; animation_type=&#8221;default&#8221; enable_animation=&#8221;true&#8221; animation=&#8221;fade-in&#8221; animation_easing=&#8221;default&#8221; bg_image_animation=&#8221;none&#8221; border_type=&#8221;simple&#8221; column_border_width=&#8221;none&#8221; column_border_style=&#8221;solid&#8221;]<div class=\"iwithtext\"><div class=\"iwt-icon\">  <\/div><div class=\"iwt-text\"> \n<h4><\/h4>\n<h4>Burkina Faso and Ivory Coast &#8211; Origin and Developpment of Iron Metallurgy<\/h4>\n<p>Das 2010 von Vincent Serneels (Universit\u00e4t Fribourg) und Denis Ramseyer (Universit\u00e4t Neuch\u00e2tel) initiierte Projekt zur Erforschung der Technologiegeschichte der Eisenverarbeitung war urspr\u00fcnglich \u00fcber vier Jahre mit je einer Feldkampagne geplant. In Zusammenarbeit mit Wissenschaftlern und Studenten der Universit\u00e4ten von Ouagadougou und Abidjan wurden die ersten drei Kampagnen plangem\u00e4ss und erfolgreich durchgef\u00fchrt (siehe Jahresberichte 2011-2013). Die vierte Kampagne, urspr\u00fcnglich f\u00fcr Januar 2014 in C\u00f4te d\u2019Ivoire geplant, mussten die Projektleiter jedoch aus praktischen Gr\u00fcnden auf das Fr\u00fchjahr 2015 verschieben. Sie soll nach wie vor in der Region von Kaniasso in C\u00f4te d\u2019Ivoire von einem internationalen Team, bestehend aus vier Schweizern, 20 Kollegen aus C\u00f4te d\u2019Ivoire, 6 aus Burkina Faso, einen Senegalesen und einem Forscher aus Benin, durchgef\u00fchrt werden. Wissenschaftliches Ziel wird es sein, diesen metallurgisch wichtigen Platz genauestens zu erforschen (topographische Aufnahme, stratigraphische Sondierungen sowie Freilegung der \u00d6fen). Dabei sollen auch junge afrikanische Studenten und Wissenschaftler ausgebildet werden.<\/p>\n<p><a title=\"Fer Afrique\" href=\"https:\/\/slsa.ch\/?p=2253\">read more<\/a> <\/div><div class=\"clear\"><\/div><\/div>[\/vc_column][vc_column column_padding=&#8221;no-extra-padding&#8221; column_padding_tablet=&#8221;inherit&#8221; column_padding_phone=&#8221;inherit&#8221; column_padding_position=&#8221;all&#8221; column_element_direction_desktop=&#8221;default&#8221; column_element_spacing=&#8221;default&#8221; desktop_text_alignment=&#8221;default&#8221; tablet_text_alignment=&#8221;default&#8221; phone_text_alignment=&#8221;default&#8221; background_color_opacity=&#8221;1&#8243; background_hover_color_opacity=&#8221;1&#8243; column_backdrop_filter=&#8221;none&#8221; column_shadow=&#8221;none&#8221; column_border_radius=&#8221;none&#8221; column_link_target=&#8221;_self&#8221; column_position=&#8221;default&#8221; gradient_direction=&#8221;left_to_right&#8221; overlay_strength=&#8221;0.3&#8243; width=&#8221;1\/2&#8243; tablet_width_inherit=&#8221;default&#8221; animation_type=&#8221;default&#8221; enable_animation=&#8221;true&#8221; animation=&#8221;fade-in&#8221; animation_easing=&#8221;default&#8221; bg_image_animation=&#8221;none&#8221; border_type=&#8221;simple&#8221; column_border_width=&#8221;none&#8221; column_border_style=&#8221;solid&#8221; delay=&#8221;100&#8243;]<div class=\"iwithtext\"><div class=\"iwt-icon\">  <\/div><div class=\"iwt-text\"> \n<h4><\/h4>\n<h4>Bhutan\u00a0&#8211;\u00a0Institutionalization of Archaeology and Cooperation<\/h4>\n<p>After three years of intensive exchange and collective work, the teaching Phase of the Bhutan-Swiss Archaeology Project, an award ceremony under the participation of all involved Partners and stakeholders has been realized in November 2014. Certificates for the Continuing Education Program (CEP) of the University of Zurich were handed out to nine trainees in the cooperation project. This year of teaching activities (2014) also saw the completation of the Chubjakha Dzong ruin survey (see separate report in this volume), the teaching of the remaining modules in the educational program, and the publication of vol. 3 of the Heritage Sites Journal \u00abArchaeology in Bhutan\u00bb, an initiative by the Ministry of Culture. The volume offers a comprehensive documentation of the project, including an introduction to the project by Eberhard Fischer (2006\u201313), reports on the Drapham Dzong excavation (2008\u201310), Sangkha rescue excavation (2011), Bumthang valley Survey (2012), Obtsho Dzong inventory and documentation (2012), Chubjakha Dzong documentation (2013\u201314) as well as several smaller site visits and object surveys. The setup of a national Archaeology Section under the Division for Conservation of Heritage Sites (DCHS) in 2014 is an important step in the institutional cooperation.<\/p>\n<p><a title=\"Bhutan Capacity Building\" href=\"https:\/\/slsa.ch\/?p=2249\">read more<\/a> <\/div><div class=\"clear\"><\/div><\/div>[\/vc_column][\/vc_row][vc_row type=&#8221;full_width_background&#8221; full_screen_row_position=&#8221;middle&#8221; column_margin=&#8221;default&#8221; column_direction=&#8221;default&#8221; column_direction_tablet=&#8221;default&#8221; column_direction_phone=&#8221;default&#8221; bg_color=&#8221;#ffffff&#8221; scene_position=&#8221;center&#8221; top_padding=&#8221;20&#8243; bottom_padding=&#8221;30&#8243; text_color=&#8221;dark&#8221; text_align=&#8221;left&#8221; row_border_radius=&#8221;none&#8221; row_border_radius_applies=&#8221;bg&#8221; overflow=&#8221;visible&#8221; overlay_strength=&#8221;0.3&#8243; gradient_direction=&#8221;left_to_right&#8221; shape_divider_position=&#8221;bottom&#8221; bg_image_animation=&#8221;none&#8221; parallax_bg=&#8221;true&#8221; parallax_bg_speed=&#8221;fast&#8221;][vc_column column_padding=&#8221;no-extra-padding&#8221; column_padding_tablet=&#8221;inherit&#8221; column_padding_phone=&#8221;inherit&#8221; column_padding_position=&#8221;all&#8221; column_element_direction_desktop=&#8221;default&#8221; column_element_spacing=&#8221;default&#8221; desktop_text_alignment=&#8221;default&#8221; tablet_text_alignment=&#8221;default&#8221; phone_text_alignment=&#8221;default&#8221; background_color_opacity=&#8221;1&#8243; background_hover_color_opacity=&#8221;1&#8243; column_backdrop_filter=&#8221;none&#8221; column_shadow=&#8221;none&#8221; column_border_radius=&#8221;none&#8221; column_link_target=&#8221;_self&#8221; column_position=&#8221;default&#8221; gradient_direction=&#8221;left_to_right&#8221; overlay_strength=&#8221;0.3&#8243; width=&#8221;1\/2&#8243; tablet_width_inherit=&#8221;default&#8221; animation_type=&#8221;default&#8221; enable_animation=&#8221;true&#8221; animation=&#8221;fade-in&#8221; animation_easing=&#8221;default&#8221; bg_image_animation=&#8221;none&#8221; border_type=&#8221;simple&#8221; column_border_width=&#8221;none&#8221; column_border_style=&#8221;solid&#8221;]<div class=\"iwithtext\"><div class=\"iwt-icon\">  <\/div><div class=\"iwt-text\"> \n<h4><\/h4>\n<h4>Fal\u00e9m\u00e9 &#8211; Senegal and Mali<\/h4>\n<p>Im Projektjahr 2014 wurden zwei Kampagnen durchgef\u00fchrt. Die drei ersten Wochen dienten einer ausgedehnten Prospektion des oberen Talbereiches. Eine Gruppe von zwei bis sechs Personen erkundete die Flussufer in einem rund f\u00fcnfzehn Kilometer langen Bereich zwischen den D\u00f6rfern Sansand\u00e9 im S\u00fcden und Missira im Norden. Dabei kombinierten sie zwei Surveymethoden: Einerseits gingen die Forscher streng nach einem Kartenraster vor, andererseits liessen sie sich von den lokalen und ortskundigen Mitarbeitern f\u00fchren. Nicht weniger als 145 neue Pl\u00e4tze konnten so identifiziert werden. Es handelt sich um lokale Konzentrationen oder weite Streuungen von arch\u00e4ologischen Oberfl\u00e4chenfunden sowie Schichtablagerungen. Die ethnohistorischen und ethnoarch\u00e4ologischen Untersuchungen wurden dieses Jahr Fluss aufw\u00e4rts in den Nachbard\u00f6rfern von Khossanto im Gebiet des alten K\u00f6nigreiches B\u00e9l\u00e9dougou sowie in den D\u00f6rfern bei Toumboura, im Kerngebiet des K\u00f6nigreiches Boundou, durchgef\u00fchrt. Die Untersuchungen erlauben die Migrationsdynamiken entlang des Fal\u00e9m\u00e9-Flusses nachzuvollziehen und die Geschichte der historischen Provinzen zu untersuchen, von der wir noch kaum etwas wissen.<\/p>\n<p><a title=\"Senegal and Mali\" href=\"https:\/\/slsa.ch\/?p=2716\">read more<\/a> <\/div><div class=\"clear\"><\/div><\/div>[\/vc_column][vc_column column_padding=&#8221;no-extra-padding&#8221; column_padding_tablet=&#8221;inherit&#8221; column_padding_phone=&#8221;inherit&#8221; column_padding_position=&#8221;all&#8221; column_element_direction_desktop=&#8221;default&#8221; column_element_spacing=&#8221;default&#8221; desktop_text_alignment=&#8221;default&#8221; tablet_text_alignment=&#8221;default&#8221; phone_text_alignment=&#8221;default&#8221; background_color_opacity=&#8221;1&#8243; background_hover_color_opacity=&#8221;1&#8243; column_backdrop_filter=&#8221;none&#8221; column_shadow=&#8221;none&#8221; column_border_radius=&#8221;none&#8221; column_link_target=&#8221;_self&#8221; column_position=&#8221;default&#8221; gradient_direction=&#8221;left_to_right&#8221; overlay_strength=&#8221;0.3&#8243; width=&#8221;1\/2&#8243; tablet_width_inherit=&#8221;default&#8221; animation_type=&#8221;default&#8221; enable_animation=&#8221;true&#8221; animation=&#8221;fade-in&#8221; animation_easing=&#8221;default&#8221; bg_image_animation=&#8221;none&#8221; border_type=&#8221;simple&#8221; column_border_width=&#8221;none&#8221; column_border_style=&#8221;solid&#8221; delay=&#8221;100&#8243;]<div class=\"iwithtext\"><div class=\"iwt-icon\">  <\/div><div class=\"iwt-text\"> \n<h4><\/h4>\n<h4>Turkmenistan &#8211; Gonur Depe<\/h4>\n<p>Das neue SLSA-Projekt am h\u00f6chst bedeutsamen Siedlungsfundort Gonur Depe in der Margiana wird von Mirko Nov\u00e1k (Universit\u00e4t Bern) geleitet. Die Feldarbeiten vor Ort werden von Sylvia Winkelmann-Witkowsky (assoziierte Forscherin, Universit\u00e4t Bern) durchgef\u00fchrt. Bis anhin haben russische Ausgrabungen Funde zutage gebracht, die weitreichende Kontakte und den aussergew\u00f6hnlichen Reichtum dieser einst in einer Oase im Delta des Murghab gelegenen Stadt der sogenannten murghabo-baktrischen Kultur (ca. 2400 \u2013 1700 v. Chr.) bezeugen. Das Projekt hat zum Ziel, die weitgehend noch unbekannte urbane Entwicklung von Gonur Depe verstehen zu lernen. Extensive Gel\u00e4ndebegehungen aber auch geophysikalische Messungen sowie strategisch angelegte Grabungsschnitte sollen feinstratigrafische Untersuchungen und Datierungen erlauben. W\u00e4hrend die diesj\u00e4hrigen geophysikalischen und geomatischen Arbeiten von anderen Partnern finanziert worden sind, bilden die \u00fcber mehrere Jahre geplanten Ausgrabungen ein in sich geschlossenes und eigenst\u00e4ndiges SLSA-Projekt.<\/p>\n<p><a title=\"Turkmenistan\" href=\"https:\/\/slsa.ch\/?p=3022\">read more<\/a> <\/div><div class=\"clear\"><\/div><\/div>[\/vc_column][\/vc_row][vc_row type=&#8221;full_width_background&#8221; full_screen_row_position=&#8221;middle&#8221; column_margin=&#8221;default&#8221; column_direction=&#8221;default&#8221; column_direction_tablet=&#8221;default&#8221; column_direction_phone=&#8221;default&#8221; bg_color=&#8221;#ffffff&#8221; scene_position=&#8221;center&#8221; top_padding=&#8221;45&#8243; bottom_padding=&#8221;65&#8243; text_color=&#8221;dark&#8221; text_align=&#8221;left&#8221; row_border_radius=&#8221;none&#8221; row_border_radius_applies=&#8221;bg&#8221; overflow=&#8221;visible&#8221; overlay_strength=&#8221;0.3&#8243; gradient_direction=&#8221;left_to_right&#8221; shape_divider_position=&#8221;bottom&#8221; bg_image_animation=&#8221;none&#8221; parallax_bg=&#8221;true&#8221; parallax_bg_speed=&#8221;fast&#8221;][vc_column column_padding=&#8221;no-extra-padding&#8221; column_padding_tablet=&#8221;inherit&#8221; column_padding_phone=&#8221;inherit&#8221; column_padding_position=&#8221;all&#8221; column_element_direction_desktop=&#8221;default&#8221; column_element_spacing=&#8221;default&#8221; desktop_text_alignment=&#8221;default&#8221; tablet_text_alignment=&#8221;default&#8221; phone_text_alignment=&#8221;default&#8221; background_color_opacity=&#8221;1&#8243; background_hover_color_opacity=&#8221;1&#8243; column_backdrop_filter=&#8221;none&#8221; column_shadow=&#8221;none&#8221; column_border_radius=&#8221;none&#8221; column_link_target=&#8221;_self&#8221; column_position=&#8221;default&#8221; gradient_direction=&#8221;left_to_right&#8221; overlay_strength=&#8221;0.3&#8243; width=&#8221;1\/2&#8243; tablet_width_inherit=&#8221;default&#8221; animation_type=&#8221;default&#8221; enable_animation=&#8221;true&#8221; animation=&#8221;fade-in&#8221; animation_easing=&#8221;default&#8221; bg_image_animation=&#8221;none&#8221; border_type=&#8221;simple&#8221; column_border_width=&#8221;none&#8221; column_border_style=&#8221;solid&#8221;][\/vc_column][vc_column column_padding=&#8221;no-extra-padding&#8221; column_padding_tablet=&#8221;inherit&#8221; column_padding_phone=&#8221;inherit&#8221; column_padding_position=&#8221;all&#8221; column_element_direction_desktop=&#8221;default&#8221; column_element_spacing=&#8221;default&#8221; desktop_text_alignment=&#8221;default&#8221; tablet_text_alignment=&#8221;default&#8221; phone_text_alignment=&#8221;default&#8221; background_color_opacity=&#8221;1&#8243; background_hover_color_opacity=&#8221;1&#8243; column_backdrop_filter=&#8221;none&#8221; column_shadow=&#8221;none&#8221; column_border_radius=&#8221;none&#8221; column_link_target=&#8221;_self&#8221; column_position=&#8221;default&#8221; gradient_direction=&#8221;left_to_right&#8221; overlay_strength=&#8221;0.3&#8243; width=&#8221;1\/2&#8243; tablet_width_inherit=&#8221;default&#8221; animation_type=&#8221;default&#8221; enable_animation=&#8221;true&#8221; animation=&#8221;fade-in&#8221; animation_easing=&#8221;default&#8221; bg_image_animation=&#8221;none&#8221; border_type=&#8221;simple&#8221; column_border_width=&#8221;none&#8221; column_border_style=&#8221;solid&#8221; delay=&#8221;100&#8243;][\/vc_column][\/vc_row][full_width_section background_color=&#8221;#2c4b79&#8243; text_color=&#8221;light&#8221; top_padding=&#8221;110&#8243; bottom_padding=&#8221;110&#8243;][vc_column column_padding=&#8221;no-extra-padding&#8221; column_padding_tablet=&#8221;inherit&#8221; column_padding_phone=&#8221;inherit&#8221; column_padding_position=&#8221;all&#8221; column_element_direction_desktop=&#8221;default&#8221; column_element_spacing=&#8221;default&#8221; desktop_text_alignment=&#8221;default&#8221; tablet_text_alignment=&#8221;default&#8221; phone_text_alignment=&#8221;default&#8221; background_color_opacity=&#8221;1&#8243; background_hover_color_opacity=&#8221;1&#8243; column_backdrop_filter=&#8221;none&#8221; column_shadow=&#8221;none&#8221; column_border_radius=&#8221;none&#8221; column_link_target=&#8221;_self&#8221; column_position=&#8221;default&#8221; gradient_direction=&#8221;left_to_right&#8221; overlay_strength=&#8221;0.3&#8243; width=&#8221;1\/1&#8243; tablet_width_inherit=&#8221;default&#8221; animation_type=&#8221;default&#8221; enable_animation=&#8221;true&#8221; animation=&#8221;fade-in&#8221; animation_easing=&#8221;default&#8221; bg_image_animation=&#8221;none&#8221; border_type=&#8221;simple&#8221; column_border_width=&#8221;none&#8221; column_border_style=&#8221;solid&#8221;][vc_text_separator title=&#8221;Die SLSA f\u00f6rdert die kulturelle Entwicklungszusammenarbeit&#8221;][\/vc_column][\/full_width_section]\n","protected":false},"excerpt":{"rendered":"<p>[vc_row type=&#8221;full_width_background&#8221; full_screen_row_position=&#8221;middle&#8221; column_margin=&#8221;default&#8221; column_direction=&#8221;default&#8221; column_direction_tablet=&#8221;default&#8221; column_direction_phone=&#8221;default&#8221; bg_color=&#8221;#ffffff&#8221; scene_position=&#8221;center&#8221; top_padding=&#8221;110&#8243; bottom_padding=&#8221;25&#8243; text_color=&#8221;dark&#8221; text_align=&#8221;left&#8221; row_border_radius=&#8221;none&#8221; row_border_radius_applies=&#8221;bg&#8221; overflow=&#8221;visible&#8221; overlay_strength=&#8221;0.3&#8243; gradient_direction=&#8221;left_to_right&#8221; shape_divider_position=&#8221;bottom&#8221; bg_image_animation=&#8221;none&#8221;][vc_column column_padding=&#8221;no-extra-padding&#8221; column_padding_tablet=&#8221;inherit&#8221; column_padding_phone=&#8221;inherit&#8221; column_padding_position=&#8221;all&#8221; column_element_direction_desktop=&#8221;default&#8221; column_element_spacing=&#8221;default&#8221; desktop_text_alignment=&#8221;default&#8221; tablet_text_alignment=&#8221;default&#8221; phone_text_alignment=&#8221;default&#8221; background_color_opacity=&#8221;1&#8243;&#8230;<\/p>\n","protected":false},"author":2,"featured_media":0,"parent":2237,"menu_order":1,"comment_status":"open","ping_status":"open","template":"","meta":{"footnotes":""},"class_list":["post-2241","page","type-page","status-publish"],"_links":{"self":[{"href":"https:\/\/slsa.ch\/en\/wp-json\/wp\/v2\/pages\/2241","targetHints":{"allow":["GET"]}}],"collection":[{"href":"https:\/\/slsa.ch\/en\/wp-json\/wp\/v2\/pages"}],"about":[{"href":"https:\/\/slsa.ch\/en\/wp-json\/wp\/v2\/types\/page"}],"author":[{"embeddable":true,"href":"https:\/\/slsa.ch\/en\/wp-json\/wp\/v2\/users\/2"}],"replies":[{"embeddable":true,"href":"https:\/\/slsa.ch\/en\/wp-json\/wp\/v2\/comments?post=2241"}],"version-history":[{"count":2,"href":"https:\/\/slsa.ch\/en\/wp-json\/wp\/v2\/pages\/2241\/revisions"}],"predecessor-version":[{"id":7634,"href":"https:\/\/slsa.ch\/en\/wp-json\/wp\/v2\/pages\/2241\/revisions\/7634"}],"up":[{"embeddable":true,"href":"https:\/\/slsa.ch\/en\/wp-json\/wp\/v2\/pages\/2237"}],"wp:attachment":[{"href":"https:\/\/slsa.ch\/en\/wp-json\/wp\/v2\/media?parent=2241"}],"curies":[{"name":"wp","href":"https:\/\/api.w.org\/{rel}","templated":true}]}}