{"id":2217,"date":"2014-04-15T13:26:57","date_gmt":"2014-04-15T13:26:57","guid":{"rendered":"http:\/\/www.slsa.ch\/?page_id=2217"},"modified":"2024-10-09T12:09:01","modified_gmt":"2024-10-09T10:09:01","slug":"history","status":"publish","type":"page","link":"https:\/\/slsa.ch\/en\/foundation\/history\/","title":{"rendered":"History"},"content":{"rendered":"[vc_row type=&#8221;full_width_background&#8221; full_screen_row_position=&#8221;middle&#8221; column_margin=&#8221;default&#8221; column_direction=&#8221;default&#8221; column_direction_tablet=&#8221;default&#8221; column_direction_phone=&#8221;default&#8221; bg_color=&#8221;#ffffff&#8221; scene_position=&#8221;center&#8221; top_padding=&#8221;110&#8243; text_color=&#8221;dark&#8221; text_align=&#8221;left&#8221; row_border_radius=&#8221;none&#8221; row_border_radius_applies=&#8221;bg&#8221; overflow=&#8221;visible&#8221; overlay_strength=&#8221;0.3&#8243; gradient_direction=&#8221;left_to_right&#8221; shape_divider_position=&#8221;bottom&#8221; bg_image_animation=&#8221;none&#8221;][vc_column column_padding=&#8221;no-extra-padding&#8221; column_padding_tablet=&#8221;inherit&#8221; column_padding_phone=&#8221;inherit&#8221; column_padding_position=&#8221;all&#8221; column_element_direction_desktop=&#8221;default&#8221; column_element_spacing=&#8221;default&#8221; desktop_text_alignment=&#8221;default&#8221; tablet_text_alignment=&#8221;default&#8221; phone_text_alignment=&#8221;default&#8221; background_color_opacity=&#8221;1&#8243; background_hover_color_opacity=&#8221;1&#8243; column_backdrop_filter=&#8221;none&#8221; column_shadow=&#8221;none&#8221; column_border_radius=&#8221;none&#8221; column_link_target=&#8221;_self&#8221; column_position=&#8221;default&#8221; gradient_direction=&#8221;left_to_right&#8221; overlay_strength=&#8221;0.3&#8243; width=&#8221;1\/1&#8243; tablet_width_inherit=&#8221;default&#8221; animation_type=&#8221;default&#8221; enable_animation=&#8221;true&#8221; animation=&#8221;fade-in&#8221; animation_easing=&#8221;default&#8221; bg_image_animation=&#8221;none&#8221; border_type=&#8221;simple&#8221; column_border_width=&#8221;none&#8221; column_border_style=&#8221;solid&#8221;][vc_text_separator title=&#8221;GESCHICHTE&#8221;][\/vc_column][\/vc_row][full_width_section background_color=&#8221;#ffffff&#8221; text_color=&#8221;custom&#8221; custom_text_color=&#8221;#515151&#8243; top_padding=&#8221;65&#8243; bottom_padding=&#8221;85&#8243;][vc_column column_padding=&#8221;no-extra-padding&#8221; column_padding_tablet=&#8221;inherit&#8221; column_padding_phone=&#8221;inherit&#8221; column_padding_position=&#8221;all&#8221; column_element_direction_desktop=&#8221;default&#8221; column_element_spacing=&#8221;default&#8221; desktop_text_alignment=&#8221;default&#8221; tablet_text_alignment=&#8221;default&#8221; phone_text_alignment=&#8221;default&#8221; background_color_opacity=&#8221;1&#8243; background_hover_color_opacity=&#8221;1&#8243; column_backdrop_filter=&#8221;none&#8221; column_shadow=&#8221;none&#8221; column_border_radius=&#8221;none&#8221; column_link_target=&#8221;_self&#8221; column_position=&#8221;default&#8221; gradient_direction=&#8221;left_to_right&#8221; overlay_strength=&#8221;0.3&#8243; width=&#8221;1\/4&#8243; tablet_width_inherit=&#8221;default&#8221; animation_type=&#8221;default&#8221; enable_animation=&#8221;true&#8221; animation=&#8221;fade-in&#8221; animation_easing=&#8221;default&#8221; bg_image_animation=&#8221;none&#8221; border_type=&#8221;simple&#8221; column_border_width=&#8221;none&#8221; column_border_style=&#8221;solid&#8221;][image_with_animation image_url=&#8221;3873&#8243; image_size=&#8221;full&#8221; animation_type=&#8221;entrance&#8221; animation=&#8221;Fade In&#8221; animation_easing=&#8221;default&#8221; animation_movement_type=&#8221;transform_y&#8221; hover_animation=&#8221;none&#8221; alignment=&#8221;center&#8221; border_radius=&#8221;none&#8221; box_shadow=&#8221;none&#8221; image_loading=&#8221;default&#8221; max_width=&#8221;100%&#8221; max_width_mobile=&#8221;default&#8221;][\/vc_column][vc_column column_padding=&#8221;no-extra-padding&#8221; column_padding_tablet=&#8221;inherit&#8221; column_padding_phone=&#8221;inherit&#8221; column_padding_position=&#8221;all&#8221; column_element_direction_desktop=&#8221;default&#8221; column_element_spacing=&#8221;default&#8221; desktop_text_alignment=&#8221;default&#8221; tablet_text_alignment=&#8221;default&#8221; phone_text_alignment=&#8221;default&#8221; background_color_opacity=&#8221;1&#8243; background_hover_color_opacity=&#8221;1&#8243; column_backdrop_filter=&#8221;none&#8221; column_shadow=&#8221;none&#8221; column_border_radius=&#8221;none&#8221; column_link_target=&#8221;_self&#8221; column_position=&#8221;default&#8221; gradient_direction=&#8221;left_to_right&#8221; overlay_strength=&#8221;0.3&#8243; width=&#8221;3\/4&#8243; tablet_width_inherit=&#8221;default&#8221; animation_type=&#8221;default&#8221; enable_animation=&#8221;true&#8221; animation=&#8221;fade-in&#8221; animation_easing=&#8221;default&#8221; bg_image_animation=&#8221;none&#8221; border_type=&#8221;simple&#8221; column_border_width=&#8221;none&#8221; column_border_style=&#8221;solid&#8221;][vc_column_text]Die \u00abSchweizerisch-Liechtensteinische Stiftung f\u00fcr Arch\u00e4ologische Forschungen im Ausland\u00bb (SLSA) wurde 1986 unter der pers\u00f6nlichen Beteiligung von S.D. F\u00fcrst Hans-Adam II. von Liechtenstein gegr\u00fcndet, der in der Folge das Pr\u00e4sidium \u00fcbernahm. Sie hat sich zum Ziel gesetzt, im Rahmen internationaler arch\u00e4ologischer Solidarit\u00e4t zur Rettung von nationalem Erbe in L\u00e4ndern beizutragen, die an kultureller Entwicklungszusammenarbeit interessiert sind.<\/p>\n<p>Das \u00abpatrimonium nationis\u00bb bekommt heute im Zusammenhang mit der immer enger werdenden Vernetzung internationaler Beziehungen zunehmend den Charakter eines \u00abpatrimonium rnundi\u00bb. Daraus ergibt sich weitreichend die Verpflichtung, seine Erhaltung, seine wissenschaftliche Erforschung und seine Pr\u00e4sentation in der \u00d6ffentlichkeit zu f\u00f6rdern.<\/p>\n<p>Der Mensch lebt nicht vom Brot allein&#8230; L\u00e4nder ohne oder mit erst schwach entwickelter wissenschaftlicher Infrastruktur &#8211; man fasst sie oft unter den Begriffen Zweite und Dritte Welt zusammen &#8211; ben\u00f6tigen nicht nur Unterst\u00fctzung im wirtschaftlichen, technischen und gesellschaftspolitischen Bereich, nicht nur Hilfe bei ihrem Kampf gegen Hunger, Krankheit und f\u00fcr sozialen Fortschritt. Auch die F\u00f6rderung der kulturellen Aspekte ist von Bedeutung. Dazu geh\u00f6rt nicht zuletzt die Erforschung der eigenen Vergangenheit. Diese Erkenntnis setzt sich in \u00abGeberl\u00e4ndern\u00bb mehr und mehr durch und wird in \u00abEmpf\u00e4ngerl\u00e4ndern\u00bb begr\u00fcsst. Die weltweit vielerorts festzustellende Zunahme der Industrialisierungs- und Erschliessungsbestrebungen birgt oftmals die Gefahr in sich, dass dem im Boden verborgenen oder als Ruinen erhaltenen Nationalen Erbe nicht gen\u00fcgend Aufmerksamkeit geschenkt wird. Arch\u00e4ologische Fundstellen und Funde fallen der Vernichtung anheim, und wichtige Quellen ungeschriebener Geschichte gehen f\u00fcr immer verloren. Wenn man weiss, wieviel z. B. in der Schweiz durch die aus \u00f6ffentlichen Mitteln finanzierte arch\u00e4ologische Betreuung des Nationalstrassenbaus an Funden geborgen und an Informationen gewonnen wird, dann kann man das Ausmass des Verlustes in L\u00e4ndern ermessen, die nicht \u00fcber die notwendigen wissenschaftlich-technischen und oft auch nicht \u00fcber die finanziellen Voraussetzungen verf\u00fcgen. Und doch ist f\u00fcr diese L\u00e4nder der Einblick in ihre Vergangenheit ganz besonders in Hinsicht auf die vielerorts sehr aktuellen Bem\u00fchungen um die Identit\u00e4tsfindung in nachkolonialer Zeit von grosser Wichtigkeit. Es dr\u00e4ngt sich deshalb auf, dass Nationen, die \u00fcber die erforderliche Infrastruktur f\u00fcr die Bergung, Erhaltung und Auswertung von Bodenaltert\u00fcmern und antiken Bauresten verf\u00fcgen, andere, bei denen dies nicht der Fall ist, unterst\u00fctzen. Viele Industrienationen f\u00f6rdern seit geraumer Zeit die arch\u00e4ologische und denkmalpflegerische Entwicklungszusammenarbeit mit erheblichen Mitteln. Die pr\u00e4ventive Durchf\u00fchrung wissenschaftlicher Ausgrabungen ist in vielen F\u00e4llen auch die einzige M\u00f6glichkeit, die Vernichtung und Verschleuderung von Kulturgut durch Raub f\u00fcr den internationalen Antiquit\u00e4tenhandel zu verhindern.<\/p>\n<p>Die SLSA hat sich die Aufgabe gestellt, in der Schweiz und im F\u00fcrstentum Liechtenstein das Interesse f\u00fcr die Auslandsarch\u00e4ologie zu f\u00f6rdern und praktische Eins\u00e4tze zu organisieren. Sie tut dies aus der \u00dcberzeugung, dass die arch\u00e4ologische Forschung eine wichtige Rolle im Dialog zwischen Nord und S\u00fcd, West und Ost spielen kann; und auch weil es darum geht, arch\u00e4ologische Denkm\u00e4ler und Funde sowohl f\u00fcr die L\u00e4nder, deren Nationales Erbe sie sind, als auch f\u00fcr die internationale Altertumswissenschaft zu retten und zu erforschen. Mit Mitteln, die einerseits von F\u00fcrst Hans-Adam zur Verf\u00fcgung gestellt wurden, andererseits privaten Sponsoren aus der Schweiz und dem F\u00fcrstentum Liechtenstein und seit 1993 auch der Eidgenossenschaft zu verdanken sind, konnten von 1986 an Forschungsprojekte in verschiedenen Teilen der Welt in Angriff genommen und zum Teil schon abgeschlossen werden. Dabei f\u00e4llt ins Gewicht, dass die administrativen Kosten der Stiftung dank viel ehrenamtlicher Arbeit und zahlreichen Naturalleistungen aus der Mitte der Mitglieder sehr niedrig sind.<\/p>\n<p>Die SLSA unterst\u00fctzt im Prinzip nur Unternehmungen von Forschungsteams, die von ihr einen entsprechenden Auftrag erhalten und die in engem Kontakt mit der Stiftung arbeiten. Dagegen ist nicht vorgesehen, arch\u00e4ologische Forschungen Dritter durch finanzielle Zuschl\u00fcsse zu unterst\u00fctzen. Die Arbeiten werden stets in direkter lokalen Instanzen durchgef\u00fchrt. Wenn immer m\u00f6glich sollen dabei auch einheimische Kr\u00e4fte im wissenschaftlichen und grabungstechnischen Bereich miteinbezogen und geschult werden, um sie darauf vorzubereiten, die Forschungen fr\u00fcher der sp\u00e4ter selber zu betreuen. Unsere Projekte verschaffen zudem der lokalen Bev\u00f6lkerung Arbeit und Verdienst. Gleichzeitig bietet sich unseren jungen Arch\u00e4ologen Gelegenheit, Einblick in die Verh\u00e4ltnisse fremder L\u00e4nder zu gewinnen bzw. die Probleme der dortigen Forschung und deren Exponenten kennenzulernen, dies hat f\u00fcr sie udm den Vorteil, dass eventuelle Wartezeiten bis zu einer definitiven Anstellung in der Heimat \u00fcberbr\u00fcckt werden k\u00f6nnen. Deutlich hervorgehoben sei auch der Grundsatz der SLSA, dass alle Funde in den Gastl\u00e4ndern verbleiben bzw. nur mit Einverst\u00e4ndnis der dortigen Beh\u00f6rden und Fachkollegen kurzfristig zur Restaurierung und wissenschaftlichen Bearbeitung mit nach Europa genommen werden d\u00fcrfen.<\/p>\n<p>Die SLSA beauftragt nach M\u00f6glichkeit Universit\u00e4tsinstitute oder \u00e4hnliche Institutionen mit der Durchf\u00fchrung von Forschungsprojekten, die zuvor durch Gremien der SLSA behandelt und genehmigt werden m\u00fcssen.[\/vc_column_text][\/vc_column][\/full_width_section][full_width_section background_color=&#8221;#2c4b79&#8243; text_color=&#8221;light&#8221; top_padding=&#8221;110&#8243; bottom_padding=&#8221;110&#8243;][vc_column column_padding=&#8221;no-extra-padding&#8221; column_padding_tablet=&#8221;inherit&#8221; column_padding_phone=&#8221;inherit&#8221; column_padding_position=&#8221;all&#8221; column_element_direction_desktop=&#8221;default&#8221; column_element_spacing=&#8221;default&#8221; desktop_text_alignment=&#8221;default&#8221; tablet_text_alignment=&#8221;default&#8221; phone_text_alignment=&#8221;default&#8221; background_color_opacity=&#8221;1&#8243; background_hover_color_opacity=&#8221;1&#8243; column_backdrop_filter=&#8221;none&#8221; column_shadow=&#8221;none&#8221; column_border_radius=&#8221;none&#8221; column_link_target=&#8221;_self&#8221; column_position=&#8221;default&#8221; gradient_direction=&#8221;left_to_right&#8221; overlay_strength=&#8221;0.3&#8243; width=&#8221;1\/1&#8243; tablet_width_inherit=&#8221;default&#8221; animation_type=&#8221;default&#8221; enable_animation=&#8221;true&#8221; animation=&#8221;fade-in&#8221; animation_easing=&#8221;default&#8221; bg_image_animation=&#8221;none&#8221; border_type=&#8221;simple&#8221; column_border_width=&#8221;none&#8221; column_border_style=&#8221;solid&#8221;][vc_text_separator title=&#8221;Die SLSA f\u00f6rdert die kulturelle Entwicklungszusammenarbeit&#8221;][\/vc_column][\/full_width_section]\n","protected":false},"excerpt":{"rendered":"<p>[vc_row type=&#8221;full_width_background&#8221; full_screen_row_position=&#8221;middle&#8221; column_margin=&#8221;default&#8221; column_direction=&#8221;default&#8221; column_direction_tablet=&#8221;default&#8221; column_direction_phone=&#8221;default&#8221; bg_color=&#8221;#ffffff&#8221; scene_position=&#8221;center&#8221; top_padding=&#8221;110&#8243; text_color=&#8221;dark&#8221; text_align=&#8221;left&#8221; row_border_radius=&#8221;none&#8221; row_border_radius_applies=&#8221;bg&#8221; overflow=&#8221;visible&#8221; overlay_strength=&#8221;0.3&#8243; gradient_direction=&#8221;left_to_right&#8221; shape_divider_position=&#8221;bottom&#8221; bg_image_animation=&#8221;none&#8221;][vc_column column_padding=&#8221;no-extra-padding&#8221; column_padding_tablet=&#8221;inherit&#8221; column_padding_phone=&#8221;inherit&#8221; column_padding_position=&#8221;all&#8221; column_element_direction_desktop=&#8221;default&#8221; column_element_spacing=&#8221;default&#8221; desktop_text_alignment=&#8221;default&#8221; tablet_text_alignment=&#8221;default&#8221; phone_text_alignment=&#8221;default&#8221; background_color_opacity=&#8221;1&#8243; background_hover_color_opacity=&#8221;1&#8243;&#8230;<\/p>\n","protected":false},"author":2,"featured_media":0,"parent":2198,"menu_order":7,"comment_status":"open","ping_status":"open","template":"","meta":{"footnotes":""},"class_list":["post-2217","page","type-page","status-publish"],"_links":{"self":[{"href":"https:\/\/slsa.ch\/en\/wp-json\/wp\/v2\/pages\/2217","targetHints":{"allow":["GET"]}}],"collection":[{"href":"https:\/\/slsa.ch\/en\/wp-json\/wp\/v2\/pages"}],"about":[{"href":"https:\/\/slsa.ch\/en\/wp-json\/wp\/v2\/types\/page"}],"author":[{"embeddable":true,"href":"https:\/\/slsa.ch\/en\/wp-json\/wp\/v2\/users\/2"}],"replies":[{"embeddable":true,"href":"https:\/\/slsa.ch\/en\/wp-json\/wp\/v2\/comments?post=2217"}],"version-history":[{"count":1,"href":"https:\/\/slsa.ch\/en\/wp-json\/wp\/v2\/pages\/2217\/revisions"}],"predecessor-version":[{"id":7741,"href":"https:\/\/slsa.ch\/en\/wp-json\/wp\/v2\/pages\/2217\/revisions\/7741"}],"up":[{"embeddable":true,"href":"https:\/\/slsa.ch\/en\/wp-json\/wp\/v2\/pages\/2198"}],"wp:attachment":[{"href":"https:\/\/slsa.ch\/en\/wp-json\/wp\/v2\/media?parent=2217"}],"curies":[{"name":"wp","href":"https:\/\/api.w.org\/{rel}","templated":true}]}}